{"id":2429,"date":"2020-09-01T16:12:32","date_gmt":"2020-09-01T14:12:32","guid":{"rendered":"http:\/\/marina-lifts.com\/?page_id=2429"},"modified":"2022-01-28T21:36:12","modified_gmt":"2022-01-28T20:36:12","slug":"napredak-klijenata","status":"publish","type":"page","link":"https:\/\/marina-lifts.com\/index.php\/napredak-klijenata\/","title":{"rendered":"Napredak Klijenata"},"content":{"rendered":"<p>[vc_row css=&#8221;.vc_custom_1504555494282{padding-top: 100px !important;padding-bottom: 100px !important;}&#8221;][vc_column][apress_heading sub_title=&#8221;Kroz dugogodi\u0161nji rad s klijentima zaista sam bila svjedok divnim \u017eivotnim i zdravstvenim promjenama. Na ovoj stranici mo\u017eete vidjeti neke od transformacija mojih klijenata, bilo da se radi isklju\u010divo o pra\u0107enja plana prehrane, individualnom ili grupnom treningu. Za vi\u0161e osvrta mo\u017eete posjetiti moju Facebook stranicu!&#8221; data_animation=&#8221;fadeInUp&#8221; enable_delimiter=&#8221;&#8221; style=&#8221;heading_style1&#8243; title_font_options=&#8221;tag:h2|font_size:70|line_height:80&#8243; subtitle_font_options=&#8221;tag:h4&#8243; heading_margin=&#8221;margin-bottom:50&#8243;]Napredak Klijenata[\/apress_heading]<div class=\"ult-spacer spacer-69e021bc165fc\" data-id=\"69e021bc165fc\" data-height=\"20\" data-height-mobile=\"20\" data-height-tab=\"20\" data-height-tab-portrait=\"\" data-height-mobile-landscape=\"\" style=\"clear:both;display:block;\"><\/div>[vc_row_inner][vc_column_inner width=&#8221;1\/3&#8243;][apress_testimonial rating_option=&#8221;100%&#8221; authorimage=&#8221;2557&#8243; by=&#8221;Luka C.&#8221; designation=&#8221;Individualni trening&#8221; testimonialfontcolor=&#8221;&#8221; testimonialauthorcolor=&#8221;&#8221; testimonialbordercolor=&#8221;#fe477b&#8221; data_animation=&#8221;fadeInUp&#8221; data_delay=&#8221;300&#8243; testimonialstyle=&#8221;testimonials_style1&#8243;]Vrlo kvalitetna i super trenerica, bilo mi je jako drago smo smo skupa trenirali, jako puno  toga sam naucio i nadam se i buducoj suradnji \u263a\ufe0f\ud83d\udcaa[\/apress_testimonial][\/vc_column_inner][vc_column_inner width=&#8221;1\/3&#8243;][apress_testimonial rating_option=&#8221;100%&#8221; authorimage=&#8221;2558&#8243; by=&#8221;Ana P.&#8221; designation=&#8221;Individualni trening&#8221; testimonialfontcolor=&#8221;&#8221; testimonialauthorcolor=&#8221;&#8221; testimonialbordercolor=&#8221;#fe477b&#8221; data_animation=&#8221;fadeInUp&#8221; data_delay=&#8221;300&#8243; testimonialstyle=&#8221;testimonials_style1&#8243;]Jedna super cura, uvijek nasmijana,\u017eeli svaku minutu posvetiti klijentima da ih nau\u010di \u0161to vi\u0161e mo\u017ee i motivira i gura kad je najte\u017ee \ud83d\udcaa<br \/>\nIako je mo\u017eda malo,u 2 mjeseca sam nau\u010dila puno korisnih stvari i jako sam zahvalna na tome. \ud83d\ude4f<br \/>\nSve preporuke za Marinu!!!![\/apress_testimonial][\/vc_column_inner][vc_column_inner width=&#8221;1\/3&#8243;][apress_testimonial rating_option=&#8221;100%&#8221; authorimage=&#8221;2560&#8243; by=&#8221;Romaria L.&#8221; designation=&#8221;Individualni trening&#8221; testimonialfontcolor=&#8221;&#8221; testimonialauthorcolor=&#8221;&#8221; testimonialbordercolor=&#8221;#fe477b&#8221; data_animation=&#8221;fadeInUp&#8221; data_delay=&#8221;300&#8243; testimonialstyle=&#8221;testimonials_style1&#8243;]Izvrsna trenerice prije svega, profesionalna i odgovorna. Ulaze 150%sebe u svoj posao.       Preporuka od \u2764\ufe0f[\/apress_testimonial][\/vc_column_inner][\/vc_row_inner][vc_facebook type=&#8221;button_count&#8221; css_animation=&#8221;fadeIn&#8221;]<div class=\"apress-spacer spacer-69e021bc16617\" data-id=\"69e021bc16617\" data-height=\"15\" data-height-mobile=\"15\" data-height-tab=\"15\" data-height-tab-portrait=\"\" data-height-mobile-landscape=\"\" style=\"clear:both;display:block;\"><\/div>[apress_photo_gallery images=&#8221;2540,2539,2538,2537,2536,2535,2534,2533,2532,2531,2530,2529,2528,2527,2469,2466,2472,2470,2564,2565,2566,2567,2568,2569,2570,2571,2572,2573,2574,2575,2576,2577,2578,2579,2580,2581,2582,2583,2584,2585&#8243; number_items_per_row=&#8221;six&#8221; image_gutter=&#8221;14&#8243; use_lightbox=&#8221;yes&#8221; hover_effects=&#8221;zoomin_effect&#8221;][\/vc_column][\/vc_row][vc_row][vc_column][vc_facebook css_animation=&#8221;bounceIn&#8221;][\/vc_column][\/vc_row][vc_row][vc_column][\/vc_column][\/vc_row][vc_row][vc_column][\/vc_column][\/vc_row]<\/p>\n","protected":false},"excerpt":{"rendered":"<p>[vc_row css=&#8221;.vc_custom_1504555494282{padding-top: 100px !important;padding-bottom: 100px !important;}&#8221;][vc_column][apress_heading sub_title=&#8221;Kroz dugogodi\u0161nji rad s klijentima zaista sam bila svjedok divnim \u017eivotnim i zdravstvenim promjenama. Na ovoj stranici mo\u017eete vidjeti neke od transformacija mojih klijenata, bilo da se radi isklju\u010divo o pra\u0107enja plana prehrane, individualnom&hellip;<\/p>\n","protected":false},"author":1,"featured_media":0,"parent":0,"menu_order":0,"comment_status":"closed","ping_status":"closed","template":"","meta":{"footnotes":""},"class_list":["post-2429","page","type-page","status-publish","hentry"],"_links":{"self":[{"href":"https:\/\/marina-lifts.com\/index.php\/wp-json\/wp\/v2\/pages\/2429","targetHints":{"allow":["GET"]}}],"collection":[{"href":"https:\/\/marina-lifts.com\/index.php\/wp-json\/wp\/v2\/pages"}],"about":[{"href":"https:\/\/marina-lifts.com\/index.php\/wp-json\/wp\/v2\/types\/page"}],"author":[{"embeddable":true,"href":"https:\/\/marina-lifts.com\/index.php\/wp-json\/wp\/v2\/users\/1"}],"replies":[{"embeddable":true,"href":"https:\/\/marina-lifts.com\/index.php\/wp-json\/wp\/v2\/comments?post=2429"}],"version-history":[{"count":43,"href":"https:\/\/marina-lifts.com\/index.php\/wp-json\/wp\/v2\/pages\/2429\/revisions"}],"predecessor-version":[{"id":2586,"href":"https:\/\/marina-lifts.com\/index.php\/wp-json\/wp\/v2\/pages\/2429\/revisions\/2586"}],"wp:attachment":[{"href":"https:\/\/marina-lifts.com\/index.php\/wp-json\/wp\/v2\/media?parent=2429"}],"curies":[{"name":"wp","href":"https:\/\/api.w.org\/{rel}","templated":true}]}}