{"id":2362,"date":"2020-08-31T23:59:33","date_gmt":"2020-08-31T21:59:33","guid":{"rendered":"http:\/\/marina-lifts.com\/?page_id=2362"},"modified":"2020-09-01T15:02:06","modified_gmt":"2020-09-01T13:02:06","slug":"edukacija-o-pravilnoj-prehrani","status":"publish","type":"page","link":"https:\/\/marina-lifts.com\/index.php\/edukacija-o-pravilnoj-prehrani\/","title":{"rendered":"Edukacija o Pravilnoj Prehrani"},"content":{"rendered":"<p>[vc_row gap=&#8221;30&#8243; equal_height=&#8221;yes&#8221; content_placement=&#8221;middle&#8221;][vc_column width=&#8221;2\/3&#8243; css=&#8221;.vc_custom_1504768908678{padding-right: 5% !important;}&#8221;][vc_row_inner][vc_column_inner]<div class=\"ult-spacer spacer-69e0232ad8cb6\" data-id=\"69e0232ad8cb6\" data-height=\"100\" data-height-mobile=\"100\" data-height-tab=\"100\" data-height-tab-portrait=\"\" data-height-mobile-landscape=\"\" style=\"clear:both;display:block;\"><\/div>[apress_heading sub_title=&#8221;Vi\u0161e od plana prehrane&#8221; content_alignment=&#8221;left&#8221; enable_delimiter=&#8221;&#8221; color_scheme=&#8221;design_your_own&#8221; main_heading_color=&#8221;#fe477b&#8221; style=&#8221;heading_style2&#8243; heading_margin=&#8221;margin-bottom:50&#8243; title_font_options=&#8221;tag:h3|font_size:50|line_height:60|letter_spacing:1&#8243; subtitle_font_options=&#8221;tag:div&#8221;]Ukoliko \u017eelite biti upu\u0107eniji u prehranu, voljni ste promijeniti \u017eivotne navike i o tome znati vi\u0161e &#8211; edukacija je dobar odabir za vas[\/apress_heading][apress_text_link_box readmore_text=&#8221;&#8221; title_font_options=&#8221;tag:h2&#8243;]<\/p>\n<h5>Za razliku od izrade\u00a0<a href=\"http:\/\/marina-lifts.com\/index.php\/plan-prehrane\/\"> plana prehrane<\/a> gdje \u0107ete dobiti gotov proizvod (plan koji je dizajniran po svim informacijama koje sam zaprimila o vama, va\u0161em tjelesnom statusu, preferencama, navikama, obvezama&#8230;), edukacija o pravilnoj prehrani <em>detaljan je i dugotrajniji proces<\/em> u kojem \u0107ete kroz seriju predavanja, 1na1, nau\u010diti bazu o funkcioniranju tijela, metaboli\u010dkom statusu, vitaminima i mineralima, makronutrijntima i ostalom&#8230;<\/h5>\n<h5>Zahtjeva i va\u0161e vrijeme, koncentraciju te \u017eelju za suradnjom no garantira ve\u0107e razumijevanje i sposobnost da sami shvatite kako treba izgledati kvalitetan plan prehrane i za\u0161to je to tako.<\/h5>\n<p>[\/apress_text_link_box][\/vc_column_inner][\/vc_row_inner]<div class=\"ult-spacer spacer-69e0232ad8cd2\" data-id=\"69e0232ad8cd2\" data-height=\"50\" data-height-mobile=\"50\" data-height-tab=\"50\" data-height-tab-portrait=\"\" data-height-mobile-landscape=\"\" style=\"clear:both;display:block;\"><\/div>[vc_row_inner][vc_column_inner width=&#8221;1\/2&#8243;][apress_gradient_icon_box icon_alignment=&#8221;top_left&#8221; description=&#8221;Mo\u017eete izabrati izme\u0111u paketa od 6 ili 10 predavanja. Za vi\u0161e informacija o sadr\u017eaju predavanja, javite mi se putem kontakt obrasca.&#8221; color_scheme=&#8221;design_your_own&#8221; custom_color=&#8221;#fe477b&#8221; data_animation=&#8221;fadeInUp&#8221; data_delay=&#8221;300&#8243; icon_family=&#8221;linecons&#8221; icon_linecons=&#8221;vc_li vc_li-mail&#8221; gradient_icon_size=&#8221;50&#8243; style=&#8221;iconbox_style1&#8243; title_font_options=&#8221;tag:h3&#8243; box_link=&#8221;url:http%3A%2F%2Fmarina-lifts.com%2Findex.php%2Fcontact-us-2%2F|title:Stupi%20u%20kontakt%20samnom!&#8221;]6 ili 10 predavanja[\/apress_gradient_icon_box]<div class=\"ult-spacer spacer-69e0232ad8ce1\" data-id=\"69e0232ad8ce1\" data-height=\"50\" data-height-mobile=\"50\" data-height-tab=\"50\" data-height-tab-portrait=\"\" data-height-mobile-landscape=\"\" style=\"clear:both;display:block;\"><\/div>[apress_gradient_icon_box icon_alignment=&#8221;top_left&#8221; description=&#8221;Kao \u0161to sam to naglasila kod teksta o plan prehrane, moje podru\u010dje rada su rekreativci. Stoga, ukoliko imate odre\u0111ene dijagnoze ili medicinske pote\u0161ko\u0107e &#8211; za isto se obratite adekvatnom medicinskom radniku.&#8221; color_scheme=&#8221;design_your_own&#8221; custom_color=&#8221;#fe477b&#8221; data_animation=&#8221;fadeInUp&#8221; data_delay=&#8221;900&#8243; icon_family=&#8221;linecons&#8221; gradient_icon_size=&#8221;50&#8243; style=&#8221;iconbox_style1&#8243; title_font_options=&#8221;tag:h3&#8243;]Nije za zdravstvene pacijente[\/apress_gradient_icon_box][\/vc_column_inner][vc_column_inner width=&#8221;1\/2&#8243;][apress_gradient_icon_box icon_alignment=&#8221;top_left&#8221; description=&#8221;Ovo nije edukacija gdje \u0107ete na kraju dobiti &#8220;diplomu&#8220; i biti u mogu\u0107nosti pru\u017eati uslugu savjetovanja o prehrani. Mo\u017eda i ho\u0107ete, no moj fokus je u dugotrajnijem procesu vama predo\u010diti kako da postanete bolja verzija sebe kroz raznovrsnu i pravilnu prehranu. &#8221; color_scheme=&#8221;design_your_own&#8221; custom_color=&#8221;#fe477b&#8221; data_animation=&#8221;fadeInUp&#8221; data_delay=&#8221;600&#8243; icon_family=&#8221;linecons&#8221; icon_linecons=&#8221;vc_li vc_li-diamond&#8221; gradient_icon_size=&#8221;50&#8243; style=&#8221;iconbox_style1&#8243; title_font_options=&#8221;tag:h3&#8243;]Znanje ali ne i te\u010daj[\/apress_gradient_icon_box]<div class=\"ult-spacer spacer-69e0232ad8ced\" data-id=\"69e0232ad8ced\" data-height=\"50\" data-height-mobile=\"50\" data-height-tab=\"50\" data-height-tab-portrait=\"\" data-height-mobile-landscape=\"\" style=\"clear:both;display:block;\"><\/div>[apress_gradient_icon_box icon_alignment=&#8221;top_left&#8221; description=&#8221;Kod paketa od 10 predavanja, dio je posve\u0107en i kupovini namirnica. Zajedno \u0107emo pro\u0107i kroz kupovinu &#8211; bez obzira gdje imate naviku kupovati.&#8221; color_scheme=&#8221;design_your_own&#8221; custom_color=&#8221;#fe477b&#8221; data_animation=&#8221;fadeInUp&#8221; data_delay=&#8221;1200&#8243; icon_family=&#8221;linecons&#8221; icon_linecons=&#8221;vc_li vc_li-shop&#8221; gradient_icon_size=&#8221;50&#8243; style=&#8221;iconbox_style1&#8243; title_font_options=&#8221;tag:h3&#8243;]Kako kupovati[\/apress_gradient_icon_box][\/vc_column_inner][\/vc_row_inner][\/vc_column][vc_column parallax=&#8221;content-moving&#8221; parallax_speed_bg=&#8221;1.2&#8243; css_animation=&#8221;fadeIn&#8221; width=&#8221;1\/3&#8243; css=&#8221;.vc_custom_1598957353961{background-image: url(http:\/\/marina-lifts.com\/wp-content\/uploads\/2020\/08\/grayscale-rtl-2.jpg?id=2258) !important;}&#8221;][\/vc_column][\/vc_row][vc_row][vc_column]<div class=\"apress-spacer spacer-69e0232ad8cff\" data-id=\"69e0232ad8cff\" data-height=\"20\" data-height-mobile=\"20\" data-height-tab=\"20\" data-height-tab-portrait=\"\" data-height-mobile-landscape=\"\" style=\"clear:both;display:block;\"><\/div>[\/vc_column][\/vc_row][vc_row full_width=&#8221;stretch_row&#8221; css=&#8221;.vc_custom_1598957627821{background-color: #fe477b !important;}&#8221;][vc_column css=&#8221;.vc_custom_1473662300217{padding-top: 0px !important;}&#8221;][apress_callto_action calltoaction_title=&#8221;POTPUNI CJENIK USLUGA PROVJERITE OVDJE&#8221; calltoaction_title_size=&#8221;30&#8243; calltoaction_text=&#8221;&#8221; calltoaction_titlecolor=&#8221;#000000&#8243; calltoaction_textcolor=&#8221;#000000&#8243; calltoaction_boxbgcolor=&#8221;#fe477b&#8221; calltoaction_boxbordercolor=&#8221;rgba(240,240,240,0.01)&#8221; calltoaction_button_text=&#8221;CJENIK&#8221; calltoaction_buttonfontcolor=&#8221;#000000&#8243; calltoaction_buttonfontcolorhover=&#8221;#fe477b&#8221; calltoaction_buttonbgcolor=&#8221;#ffffff&#8221; calltoaction_buttonbgcolorhover=&#8221;#ffffff&#8221; calltoaction_buttonbordercolor=&#8221;#ffffff&#8221; calltoaction_buttonbordercolorhover=&#8221;#ffffff&#8221; data_delay=&#8221;300&#8243; icon_family=&#8221;fontawesome&#8221; calltoaction_button_link=&#8221;url:http%3A%2F%2Fmarina-lifts.com%2Findex.php%2Fcjenik-usluga%2F|title:Cjenik%20Usluga&#8221;][\/vc_column][\/vc_row]<\/p>\n","protected":false},"excerpt":{"rendered":"<p>[vc_row gap=&#8221;30&#8243; equal_height=&#8221;yes&#8221; content_placement=&#8221;middle&#8221;][vc_column width=&#8221;2\/3&#8243; css=&#8221;.vc_custom_1504768908678{padding-right: 5% !important;}&#8221;][vc_row_inner][vc_column_inner][apress_heading sub_title=&#8221;Vi\u0161e od plana prehrane&#8221; content_alignment=&#8221;left&#8221; enable_delimiter=&#8221;&#8221; color_scheme=&#8221;design_your_own&#8221; main_heading_color=&#8221;#fe477b&#8221; style=&#8221;heading_style2&#8243; heading_margin=&#8221;margin-bottom:50&#8243; title_font_options=&#8221;tag:h3|font_size:50|line_height:60|letter_spacing:1&#8243; subtitle_font_options=&#8221;tag:div&#8221;]Ukoliko \u017eelite biti upu\u0107eniji u prehranu, voljni ste promijeniti \u017eivotne navike i o tome znati vi\u0161e &#8211; edukacija je dobar odabir&hellip;<\/p>\n","protected":false},"author":1,"featured_media":0,"parent":0,"menu_order":0,"comment_status":"closed","ping_status":"closed","template":"","meta":{"footnotes":""},"class_list":["post-2362","page","type-page","status-publish","hentry"],"_links":{"self":[{"href":"https:\/\/marina-lifts.com\/index.php\/wp-json\/wp\/v2\/pages\/2362","targetHints":{"allow":["GET"]}}],"collection":[{"href":"https:\/\/marina-lifts.com\/index.php\/wp-json\/wp\/v2\/pages"}],"about":[{"href":"https:\/\/marina-lifts.com\/index.php\/wp-json\/wp\/v2\/types\/page"}],"author":[{"embeddable":true,"href":"https:\/\/marina-lifts.com\/index.php\/wp-json\/wp\/v2\/users\/1"}],"replies":[{"embeddable":true,"href":"https:\/\/marina-lifts.com\/index.php\/wp-json\/wp\/v2\/comments?post=2362"}],"version-history":[{"count":14,"href":"https:\/\/marina-lifts.com\/index.php\/wp-json\/wp\/v2\/pages\/2362\/revisions"}],"predecessor-version":[{"id":2412,"href":"https:\/\/marina-lifts.com\/index.php\/wp-json\/wp\/v2\/pages\/2362\/revisions\/2412"}],"wp:attachment":[{"href":"https:\/\/marina-lifts.com\/index.php\/wp-json\/wp\/v2\/media?parent=2362"}],"curies":[{"name":"wp","href":"https:\/\/api.w.org\/{rel}","templated":true}]}}