{"id":2355,"date":"2020-08-31T23:54:15","date_gmt":"2020-08-31T21:54:15","guid":{"rendered":"http:\/\/marina-lifts.com\/?page_id=2355"},"modified":"2025-01-22T11:31:32","modified_gmt":"2025-01-22T10:31:32","slug":"cjenik-usluga","status":"publish","type":"page","link":"https:\/\/marina-lifts.com\/index.php\/cjenik-usluga\/","title":{"rendered":"Cjenik Usluga"},"content":{"rendered":"<p>[vc_row css=&#8221;.vc_custom_1505725829628{padding-top: 50px !important;padding-bottom: 120px !important;}&#8221;][vc_column]<div id=\"ultimate-heading-350069e02540e9d23\" class=\"uvc-heading ult-adjust-bottom-margin ultimate-heading-350069e02540e9d23 uvc-6304 \" data-hspacer=\"no_spacer\"  data-halign=\"center\" style=\"text-align:center\"><div class=\"uvc-heading-spacer no_spacer\" style=\"top\"><\/div><div class=\"uvc-main-heading ult-responsive\"  data-ultimate-target='.uvc-heading.ultimate-heading-350069e02540e9d23 h1'  data-responsive-json-new='{\"font-size\":\"desktop:38px;\",\"line-height\":\"desktop:40px;\"}' ><h1 style=\"font-weight:normal;color:#fe477b;margin-bottom:10px;\">Cjenik Usluga<\/h1><\/div><div class=\"uvc-sub-heading ult-responsive\"  data-ultimate-target='.uvc-heading.ultimate-heading-350069e02540e9d23 .uvc-sub-heading '  data-responsive-json-new='{\"font-size\":\"desktop:18px;\",\"line-height\":\"desktop:30px;\"}'  style=\"font-style:italic;font-weight:normal;color:#373737;margin-bottom:30px;\">Marina Lifts, obrt za usluge, vl. Marina Javor\u010di\u0107<\/div><\/div>[apress_text_separator title=&#8221;&#8221; title_font_options=&#8221;tag:h2&#8243;][vc_row_inner][vc_column_inner width=&#8221;1\/2&#8243;][apress_text_separator title=&#8221;Usluge individualnog treninga&#8221; title_align=&#8221;separator_align_left&#8221; color=&#8221;#fe477b&#8221; title_font_options=&#8221;tag:h2&#8243;][apress_pricing_list pricing_list_title=&#8221;Pojedina\u010dni trening&#8221; pricing_list_price=&#8221;cijena na upit&#8221; description_text=&#8221;Prilago\u0111en potrebi klijenta, uklju\u010duje konzultacije.&#8221; title_font_options=&#8221;font_size:20|color:%23333333|line_height:30|letter_spacing:1&#8243;][apress_pricing_list pricing_list_title=&#8221;Pojedina\u010dna edukacija&#8221; pricing_list_price=&#8221;\u20ac50&#8243; description_text=&#8221;Upoznavanje sa spravama, obja\u0161njenje osnovnih pokreta, 90 min&#8221; enable_highlighted_item=&#8221;yes&#8221; color_scheme=&#8221;design_your_own&#8221; pricing_list_highlight_title_bg_color=&#8221;#f45c43&#8243; title_font_options=&#8221;font_size:20|color:%23333333|line_height:30|letter_spacing:1&#8243;][apress_pricing_list pricing_list_title=&#8221;Paket od 8 dolazaka&#8221; pricing_list_price=&#8221;\u20ac250&#8243; description_text=&#8221;Trening 2x tjedno, uklju\u010dena dijagnostika i vje\u017ebe fleksibilnosti + mobilnosti&#8221; title_font_options=&#8221;font_size:20|color:%23333333|line_height:30|letter_spacing:1&#8243;][apress_pricing_list pricing_list_title=&#8221;Paket od 12 dolazaka&#8221; pricing_list_price=&#8221;\u20ac330&#8243; description_text=&#8221;Trening 3x tjedno, uklju\u010dena dijagnostika i vje\u017ebe fleksibilnosti + mobilnosti&#8221; title_font_options=&#8221;font_size:20|color:%23333333|line_height:30|letter_spacing:1&#8243;][apress_pricing_list pricing_list_title=&#8221;Dijagnostika&#8221; pricing_list_price=&#8221;\u20ac40&#8243; description_text=&#8221;Objektivizirana provjera morfolo\u0161kih osobina, stanja motori\u010dkih i funkcionalnih sposobnosti&#8221; title_font_options=&#8221;font_size:20|color:%23333333|line_height:30|letter_spacing:1&#8243;][apress_pricing_list pricing_list_title=&#8221;Prikaz vje\u017ebi mobilnosti i fleksibilnosti&#8221; pricing_list_price=&#8221;\u20ac30&#8243; description_text=&#8221;Individualno prilago\u0111en set vje\u017ebi u svrhu svakodnevne pripreme za trening i\/ili pobolj\u0161anje mob. i fleks. tijela&#8221; title_font_options=&#8221;font_size:20|color:%23333333|line_height:30|letter_spacing:1&#8243;][\/vc_column_inner][vc_column_inner width=&#8221;1\/2&#8243;][apress_text_separator title=&#8221;Nutricionisti\u010dke usluge&#8221; title_align=&#8221;separator_align_left&#8221; color=&#8221;#fe477b&#8221; title_font_options=&#8221;tag:h2&#8243;][apress_pricing_list pricing_list_title=&#8221;Individualni plan prehrane&#8221; pricing_list_price=&#8221;\u20ac120&#8243; description_text=&#8221;Uklju\u010duje 120 minuta konzultacija te vodstvo u trajanju od 6 tjedana&#8221; enable_highlighted_item=&#8221;yes&#8221; color_scheme=&#8221;gradient_scheme1&#8243; title_font_options=&#8221;font_size:20|color:%23333333|line_height:30|letter_spacing:1&#8243;][apress_pricing_list pricing_list_title=&#8221;Individualni plan prehrane&#8221; pricing_list_price=&#8221;\u20ac135&#8243; description_text=&#8221;Uklju\u010duje konzultacije 120 min te vodstvo u trajanju od 2 mjeseca&#8221; enable_highlighted_item=&#8221;&#8221; title_font_options=&#8221;font_size:20|color:%23333333|line_height:30|letter_spacing:1&#8243;][apress_pricing_list pricing_list_title=&#8221;Individualni plan prehrane&#8221; pricing_list_price=&#8221;\u20ac200&#8243; description_text=&#8221;Uklju\u010duje konzultacije 180 min te vodstvo u trajanju od 4 mjeseca&#8221; enable_highlighted_item=&#8221;&#8221; title_font_options=&#8221;font_size:20|color:%23333333|line_height:30|letter_spacing:1&#8243;][apress_pricing_list pricing_list_title=&#8221;Edukacija o prehrani&#8221; pricing_list_price=&#8221;\u20ac30&#8243; description_text=&#8221;Individualni proces edukacije o pravilnoj prehrani, 6-12 edukacija&#8221; enable_highlighted_item=&#8221;&#8221; title_font_options=&#8221;font_size:20|color:%23333333|line_height:30|letter_spacing:1&#8243;][apress_pricing_list pricing_list_title=&#8221;Online konzultacije&#8221; pricing_list_price=&#8221;\u20ac40&#8243; description_text=&#8221;60 min konzultacija s ciljem konkretnog upita i odgovora u tematici uravnote\u017eene i pravilne prehrane&#8221; enable_highlighted_item=&#8221;&#8221; title_font_options=&#8221;font_size:20|color:%23333333|line_height:30|letter_spacing:1&#8243;][\/vc_column_inner][\/vc_row_inner][\/vc_column][\/vc_row][vc_row][vc_column css=&#8221;.vc_custom_1469083605663{padding-top: 0px !important;}&#8221;][apress_callto_action calltoaction_topbottom_pad=&#8221;50&#8243; calltoaction_title=&#8221;Zanima vas online coaching?&#8221; calltoaction_text=&#8221;Lifts App digitalna je mobilna aplikacija putem koje ostvarujemo online suradnju. Ukoliko smatrate da je vodstvo bez prisustva trenera za vas, provjerite Lifts App. U svakoj slu\u010daju, putem konzultacija provjeriti \u0107emo koja je najbolja solucija za vas.&#8221; calltoaction_titlecolor=&#8221;#fe477b&#8221; calltoaction_textcolor=&#8221;#fe477b&#8221; calltoaction_boxbgcolor=&#8221;&#8221; imagebox_image=&#8221;2664&#8243; calltoaction_button_size=&#8221;medium&#8221; calltoaction_button_text=&#8221;LIFTS APP cjenik&#8221; calltoaction_buttonfontcolor=&#8221;#ffffff&#8221; calltoaction_buttonfontcolorhover=&#8221;#fe477b&#8221; calltoaction_buttonbgcolor=&#8221;#000000&#8243; calltoaction_buttonbgcolorhover=&#8221;#ffffff&#8221; calltoaction_buttonbordercolor=&#8221;#fe477b&#8221; calltoaction_buttonbordercolorhover=&#8221;#000000&#8243; data_animation=&#8221;bounce&#8221; icon_family=&#8221;fontawesome&#8221; icon_fontawesome=&#8221;fa fa-paper-plane-o&#8221; calltoaction_button_icon_position=&#8221;right&#8221; calltoaction_button_link=&#8221;url:https%3A%2F%2Fmarina-lifts.com%2Findex.php%2Fonline_coaching%2F|title:Lifts%20App%20Online%20Coaching|target:_blank&#8221; title_font_options=&#8221;font_style_bold:1&#8243; button_font_options=&#8221;font_style_bold:1&#8243; description_font_options=&#8221;font_style_bold:1&#8243;][\/vc_column][\/vc_row][vc_row][vc_column]<div class=\"ult-spacer spacer-69e02540e9d67\" data-id=\"69e02540e9d67\" data-height=\"100\" data-height-mobile=\"100\" data-height-tab=\"100\" data-height-tab-portrait=\"\" data-height-mobile-landscape=\"\" style=\"clear:both;display:block;\"><\/div>[vc_row_inner][vc_column_inner width=&#8221;1\/3&#8243;]<div class=\"stats-block stats-left  \"><div class=\"aio-icon-left\"><div class=\"ult-just-icon-wrapper  \"><div class=\"align-icon\" style=\"text-align:center;\">\n<div class=\"aio-icon none \" data-animation=\"fadeInUp\" data-animation-delay=\"03\" style=\"color:#fe477b;font-size:50px;display:inline-block;\">\n\t<i class=\"Defaults-user\"><\/i>\n<\/div><\/div><\/div><\/div><div class=\"stats-desc\" id=\"counter-responsv-wrap-5416\"><div id=\"counter_115974108469e02540e9f6c\" data-id=\"counter_115974108469e02540e9f6c\"  data-ultimate-target='#counter-responsv-wrap-5416 .stats-number'  data-responsive-json-new='{\"font-size\":\"\",\"line-height\":\"\"}'  class=\"stats-number ult-responsive\" style=\"font-size:28px;  color:#f66767;\" data-speed=\"3\" data-counter-value=\"250+\" data-separator=\",\" data-decimal=\".\">0<\/div><div class=\"counter_suffix mycust ult-responsive\"  data-ultimate-target='#counter-responsv-wrap-5416 .mycust'  data-responsive-json-new='{\"font-size\":\"\",\"line-height\":\"\"}'  style=\"font-size:28px; color:\">+<\/div><div id=\"counter-responsv-wrap-5416\"  data-ultimate-target='#counter-responsv-wrap-5416 .stats-text'  data-responsive-json-new='{\"font-size\":\"\",\"line-height\":\"\"}'  class=\"stats-text ult-responsive\" style=\"font-size:18px;  \">SURADNJI 1NA1<\/div><\/div><\/div>[\/vc_column_inner][vc_column_inner width=&#8221;1\/3&#8243;]<div class=\"stats-block stats-left  \"><div class=\"aio-icon-left\"><div class=\"ult-just-icon-wrapper  \"><div class=\"align-icon\" style=\"text-align:center;\">\n<div class=\"aio-icon none \" data-animation=\"fadeInUp\" data-animation-delay=\"03\" style=\"color:#fe477b;font-size:50px;display:inline-block;\">\n\t<i class=\"Defaults-heart-o\"><\/i>\n<\/div><\/div><\/div><\/div><div class=\"stats-desc\" id=\"counter-responsv-wrap-3458\"><div id=\"counter_141313968569e02540ea01b\" data-id=\"counter_141313968569e02540ea01b\"  data-ultimate-target='#counter-responsv-wrap-3458 .stats-number'  data-responsive-json-new='{\"font-size\":\"\",\"line-height\":\"\"}'  class=\"stats-number ult-responsive\" style=\"font-size:28px;  color:#f66767;\" data-speed=\"3\" data-counter-value=\"10000\" data-separator=\",\" data-decimal=\".\">0<\/div><div class=\"counter_suffix mycust ult-responsive\"  data-ultimate-target='#counter-responsv-wrap-3458 .mycust'  data-responsive-json-new='{\"font-size\":\"\",\"line-height\":\"\"}'  style=\"font-size:28px; color:\">+<\/div><div id=\"counter-responsv-wrap-3458\"  data-ultimate-target='#counter-responsv-wrap-3458 .stats-text'  data-responsive-json-new='{\"font-size\":\"\",\"line-height\":\"\"}'  class=\"stats-text ult-responsive\" style=\"font-size:18px;  \">SATI TRENINGA<\/div><\/div><\/div>[\/vc_column_inner][vc_column_inner width=&#8221;1\/3&#8243;]<div class=\"stats-block stats-left  \"><div class=\"aio-icon-left\"><div class=\"ult-just-icon-wrapper  \"><div class=\"align-icon\" style=\"text-align:center;\">\n<div class=\"aio-icon none \" data-animation=\"fadeInUp\" data-animation-delay=\"03\" style=\"color:#fe477b;font-size:50px;display:inline-block;\">\n\t<i class=\"Defaults-smile-o\"><\/i>\n<\/div><\/div><\/div><\/div><div class=\"stats-desc\" id=\"counter-responsv-wrap-5639\"><div id=\"counter_23060933569e02540ea0b7\" data-id=\"counter_23060933569e02540ea0b7\"  data-ultimate-target='#counter-responsv-wrap-5639 .stats-number'  data-responsive-json-new='{\"font-size\":\"\",\"line-height\":\"\"}'  class=\"stats-number ult-responsive\" style=\"font-size:28px;  color:#f66767;\" data-speed=\"3\" data-counter-value=\"200\" data-separator=\",\" data-decimal=\".\">0<\/div><div class=\"counter_suffix mycust ult-responsive\"  data-ultimate-target='#counter-responsv-wrap-5639 .mycust'  data-responsive-json-new='{\"font-size\":\"\",\"line-height\":\"\"}'  style=\"font-size:28px; color:\">+<\/div><div id=\"counter-responsv-wrap-5639\"  data-ultimate-target='#counter-responsv-wrap-5639 .stats-text'  data-responsive-json-new='{\"font-size\":\"\",\"line-height\":\"\"}'  class=\"stats-text ult-responsive\" style=\"font-size:18px;  \">PLANOVA PREHRANE<\/div><\/div><\/div>[\/vc_column_inner][\/vc_row_inner]<div class=\"ult-spacer spacer-69e02540ea0d7\" data-id=\"69e02540ea0d7\" data-height=\"100\" data-height-mobile=\"100\" data-height-tab=\"100\" data-height-tab-portrait=\"\" data-height-mobile-landscape=\"\" style=\"clear:both;display:block;\"><\/div>[\/vc_column][\/vc_row][vc_row css=&#8221;.vc_custom_1503904227384{padding-top: 50px !important;padding-bottom: 50px !important;}&#8221;][vc_column width=&#8221;2\/3&#8243;]<div class=\"ult-spacer spacer-69e02540ea0e8\" data-id=\"69e02540ea0e8\" data-height=\"70\" data-height-mobile=\"70\" data-height-tab=\"70\" data-height-tab-portrait=\"\" data-height-mobile-landscape=\"\" style=\"clear:both;display:block;\"><\/div>[apress_heading sub_title=&#8221;&#8221; content_alignment=&#8221;left&#8221; data_animation=&#8221;fadeInUp&#8221; delimiter_line_height=&#8221;3&#8243; delimiter_line_width=&#8221;80&#8243; color_scheme=&#8221;design_your_own&#8221; style=&#8221;heading_style1&#8243; delimiter_line_color=&#8221;#00a300&#8243; title_font_options=&#8221;tag:h2|font_size:25|line_height:30&#8243; subtitle_font_options=&#8221;tag:div&#8221; heading_margin=&#8221;margin-bottom:15&#8243; subheading_margin=&#8221;margin-top:30|margin-bottom:15&#8243;]DOGOVORITE KONZULTACIJE[\/apress_heading][vc_empty_space height=&#8221;30px&#8221;]\r\n<!--zolo calltoaction Row Start-->\r\n\r\n<div id=\"apress_contactform_1\" class=\"apress_contactform medium_buttton animated hiding\" data-animation =\"fadeInUp\" data-delay =\"300\"> \r\n\t\n<div class=\"wpcf7 no-js\" id=\"wpcf7-f1746-o1\" lang=\"en-US\" dir=\"ltr\">\n<div class=\"screen-reader-response\"><p role=\"status\" aria-live=\"polite\" aria-atomic=\"true\"><\/p> <ul><\/ul><\/div>\n<form action=\"\/index.php\/wp-json\/wp\/v2\/pages\/2355#wpcf7-f1746-o1\" method=\"post\" class=\"wpcf7-form init\" aria-label=\"Contact form\" novalidate=\"novalidate\" data-status=\"init\">\n<div style=\"display: none;\">\n<input type=\"hidden\" name=\"_wpcf7\" value=\"1746\" \/>\n<input type=\"hidden\" name=\"_wpcf7_version\" value=\"5.8\" \/>\n<input type=\"hidden\" name=\"_wpcf7_locale\" value=\"en_US\" \/>\n<input type=\"hidden\" name=\"_wpcf7_unit_tag\" value=\"wpcf7-f1746-o1\" \/>\n<input type=\"hidden\" name=\"_wpcf7_container_post\" value=\"0\" \/>\n<input type=\"hidden\" name=\"_wpcf7_posted_data_hash\" value=\"\" \/>\n<input type=\"hidden\" name=\"_wpcf7_recaptcha_response\" value=\"\" \/>\n<\/div>\n<ul class=\"contact_form zt_input_icon\">\n\t<li class=\"one_half\">\n\t\t<p><span class=\"wpcf7-form-control-wrap\" data-name=\"your-name\"><input size=\"40\" class=\"wpcf7-form-control wpcf7-text wpcf7-validates-as-required\" aria-required=\"true\" aria-invalid=\"false\" placeholder=\"Va\u0161e ime\" value=\"\" type=\"text\" name=\"your-name\" \/><\/span>\n\t\t<\/p>\n\t<\/li>\n\t<li class=\"one_half\">\n\t\t<p><span class=\"wpcf7-form-control-wrap\" data-name=\"your-email\"><input size=\"40\" class=\"wpcf7-form-control wpcf7-email wpcf7-validates-as-required wpcf7-text wpcf7-validates-as-email\" aria-required=\"true\" aria-invalid=\"false\" placeholder=\"Va\u0161 email\" value=\"\" type=\"email\" name=\"your-email\" \/><\/span>\n\t\t<\/p>\n\t<\/li>\n\t<li>\n\t\t<p><span class=\"wpcf7-form-control-wrap\" data-name=\"your-subject\"><input size=\"40\" class=\"wpcf7-form-control wpcf7-text\" aria-invalid=\"false\" placeholder=\"Naslov upita\" value=\"\" type=\"text\" name=\"your-subject\" \/><\/span>\n\t\t<\/p>\n\t<\/li>\n\t<li>\n\t\t<p><span class=\"wpcf7-form-control-wrap\" data-name=\"your-message\"><textarea cols=\"40\" rows=\"10\" class=\"wpcf7-form-control wpcf7-textarea\" aria-invalid=\"false\" placeholder=\"Va\u0161 upit\/tekst\" name=\"your-message\"><\/textarea><\/span>\n\t\t<\/p>\n\t<\/li>\n\t<li>\n\t\t<p><input class=\"wpcf7-form-control wpcf7-submit has-spinner\" type=\"submit\" value=\"Po\u0161alji\" \/>\n\t\t<\/p>\n\t<\/li>\n<\/ul><p style=\"display: none !important;\" class=\"akismet-fields-container\" data-prefix=\"_wpcf7_ak_\"><label>&#916;<textarea name=\"_wpcf7_ak_hp_textarea\" cols=\"45\" rows=\"8\" maxlength=\"100\"><\/textarea><\/label><input type=\"hidden\" id=\"ak_js_1\" name=\"_wpcf7_ak_js\" value=\"238\"\/><script>document.getElementById( \"ak_js_1\" ).setAttribute( \"value\", ( new Date() ).getTime() );<\/script><\/p><div class=\"wpcf7-response-output\" aria-hidden=\"true\"><\/div>\n<\/form>\n<\/div>\n \r\n<\/div>\r\n[\/vc_column][vc_column width=&#8221;1\/3&#8243;][vc_single_image image=&#8221;2635&#8243; img_size=&#8221;full&#8221; onclick=&#8221;custom_link&#8221; img_link_target=&#8221;_blank&#8221; link=&#8221;https:\/\/marina-lifts.com\/index.php\/individualni_trening\/&#8221;][\/vc_column][\/vc_row]<\/p>\n","protected":false},"excerpt":{"rendered":"<p>[vc_row css=&#8221;.vc_custom_1505725829628{padding-top: 50px !important;padding-bottom: 120px !important;}&#8221;][vc_column][apress_text_separator title=&#8221;&#8221; title_font_options=&#8221;tag:h2&#8243;][vc_row_inner][vc_column_inner width=&#8221;1\/2&#8243;][apress_text_separator title=&#8221;Usluge individualnog treninga&#8221; title_align=&#8221;separator_align_left&#8221; color=&#8221;#fe477b&#8221; title_font_options=&#8221;tag:h2&#8243;][apress_pricing_list pricing_list_title=&#8221;Pojedina\u010dni trening&#8221; pricing_list_price=&#8221;cijena na upit&#8221; description_text=&#8221;Prilago\u0111en potrebi klijenta, uklju\u010duje konzultacije.&#8221; title_font_options=&#8221;font_size:20|color:%23333333|line_height:30|letter_spacing:1&#8243;][apress_pricing_list pricing_list_title=&#8221;Pojedina\u010dna edukacija&#8221; pricing_list_price=&#8221;\u20ac50&#8243; description_text=&#8221;Upoznavanje sa spravama, obja\u0161njenje osnovnih pokreta, 90 min&#8221; enable_highlighted_item=&#8221;yes&#8221; color_scheme=&#8221;design_your_own&#8221; pricing_list_highlight_title_bg_color=&#8221;#f45c43&#8243;&hellip;<\/p>\n","protected":false},"author":1,"featured_media":0,"parent":0,"menu_order":0,"comment_status":"closed","ping_status":"closed","template":"","meta":{"footnotes":""},"class_list":["post-2355","page","type-page","status-publish","hentry"],"_links":{"self":[{"href":"https:\/\/marina-lifts.com\/index.php\/wp-json\/wp\/v2\/pages\/2355","targetHints":{"allow":["GET"]}}],"collection":[{"href":"https:\/\/marina-lifts.com\/index.php\/wp-json\/wp\/v2\/pages"}],"about":[{"href":"https:\/\/marina-lifts.com\/index.php\/wp-json\/wp\/v2\/types\/page"}],"author":[{"embeddable":true,"href":"https:\/\/marina-lifts.com\/index.php\/wp-json\/wp\/v2\/users\/1"}],"replies":[{"embeddable":true,"href":"https:\/\/marina-lifts.com\/index.php\/wp-json\/wp\/v2\/comments?post=2355"}],"version-history":[{"count":69,"href":"https:\/\/marina-lifts.com\/index.php\/wp-json\/wp\/v2\/pages\/2355\/revisions"}],"predecessor-version":[{"id":2826,"href":"https:\/\/marina-lifts.com\/index.php\/wp-json\/wp\/v2\/pages\/2355\/revisions\/2826"}],"wp:attachment":[{"href":"https:\/\/marina-lifts.com\/index.php\/wp-json\/wp\/v2\/media?parent=2355"}],"curies":[{"name":"wp","href":"https:\/\/api.w.org\/{rel}","templated":true}]}}