{"id":2,"date":"2019-07-30T17:06:04","date_gmt":"2019-07-30T16:06:04","guid":{"rendered":"http:\/\/marina-lifts.com\/?page_id=2"},"modified":"2020-09-01T14:50:48","modified_gmt":"2020-09-01T12:50:48","slug":"plan-prehrane","status":"publish","type":"page","link":"https:\/\/marina-lifts.com\/index.php\/plan-prehrane\/","title":{"rendered":"Plan Prehrane"},"content":{"rendered":"<p>[vc_row][vc_column][apress_heading sub_title=&#8221;&#8221; enable_delimiter=&#8221;&#8221; color_scheme=&#8221;design_your_own&#8221; main_heading_color=&#8221;#333333&#8243; style=&#8221;heading_style1&#8243; heading_margin=&#8221;margin-bottom:50&#8243; title_font_options=&#8221;tag:h2|font_size:50|line_height:60|letter_spacing:1&#8243; subtitle_font_options=&#8221;tag:div&#8221;]\u0160TO O\u010cEKIVATI[\/apress_heading]<div class=\"ult-spacer spacer-69e021745e507\" data-id=\"69e021745e507\" data-height=\"50\" data-height-mobile=\"50\" data-height-tab=\"50\" data-height-tab-portrait=\"\" data-height-mobile-landscape=\"\" style=\"clear:both;display:block;\"><\/div>[vc_row_inner][vc_column_inner width=&#8221;1\/3&#8243;][vc_column_text css_animation=&#8221;fadeInUp&#8221;]<\/p>\n<h2>Plan prehrane koji se sastoji od klasi\u010dnog piletina\/brokula\/tuna menija &#8211; to nije!<\/h2>\n<p>[\/vc_column_text][\/vc_column_inner][vc_column_inner width=&#8221;1\/3&#8243;][vc_column_text css_animation=&#8221;fadeInUp&#8221;]Kao <a href=\"http:\/\/marina-lifts.com\/index.php\/iskustvo\/\">certificirani nutricionist<\/a>, svoj rad temeljim na radu sa rekreativcima. Smisao mog poslovanja, kao trenera pa tako i nutricionista jest da vam pribli\u017eim aktivan na\u010din \u017eivot te pravilnu i raznovrsnu prehranu. Kada osjetite da odre\u0111ene prehrambene navike ne odr\u017eavate zbog krivih motiva, shvatiti \u0107ete me kada ka\u017eem da ja obo\u017eavam kako se moje tijelo osje\u0107a zbog onoga \u0161to unosim u sebe![\/vc_column_text][\/vc_column_inner][vc_column_inner width=&#8221;1\/3&#8243;][vc_column_text css_animation=&#8221;fadeInUp&#8221;]Moji individualizirani planovi prehrane nisu namijenjeni za osobe sa pote\u0161ko\u0107ama\/dijagnozama poput sr\u010danih problema, dijabetesa tipa 1, gihta (&#8230;) no rado \u0107u preporu\u010diti osobu koja je stru\u010dnija u tom polju te obrazovana za rad sa medicinskim pacijentima.<\/p>\n<p>Ukoliko se ne pronalazite u toj manjini, svakako \u0107u vas rado poslu\u0161ati i pripremiti za vas prilago\u0111eni plan prehrane &#8211; bez obzira na va\u0161 cilj.[\/vc_column_text][\/vc_column_inner][\/vc_row_inner]<div class=\"ult-spacer spacer-69e021745e52d\" data-id=\"69e021745e52d\" data-height=\"50\" data-height-mobile=\"50\" data-height-tab=\"50\" data-height-tab-portrait=\"\" data-height-mobile-landscape=\"\" style=\"clear:both;display:block;\"><\/div>[\/vc_column][\/vc_row][vc_row][vc_column][\/vc_column][\/vc_row][vc_row][vc_column][apress_heading sub_title=&#8221;&#8221; delimiter_line_height=&#8221;3&#8243; delimiter_line_width=&#8221;80&#8243; color_scheme=&#8221;design_your_own&#8221; main_heading_color=&#8221;#333333&#8243; style=&#8221;heading_style6&#8243; heading_margin=&#8221;margin-bottom:30&#8243; delimiter_line_color=&#8221;#fe477b&#8221; title_font_options=&#8221;tag:h2&#8243; subtitle_font_options=&#8221;tag:div&#8221;]Nakon kontakta putem obrasca, ukoliko postoji slobodno mjesto, javljam vam se povratno mailom. Po dogovoru, \u0161aljem obrazac koji je potrebno ispuniti te nastavno tome&#8230; kre\u0107e na\u0161a suradnja.[\/apress_heading]<div class=\"ult-spacer spacer-69e021745e54a\" data-id=\"69e021745e54a\" data-height=\"50\" data-height-mobile=\"50\" data-height-tab=\"50\" data-height-tab-portrait=\"\" data-height-mobile-landscape=\"\" style=\"clear:both;display:block;\"><\/div>[vc_row_inner equal_height=&#8221;yes&#8221; content_placement=&#8221;middle&#8221;][vc_column_inner width=&#8221;1\/3&#8243;]<div class=\"smile_icon_list_wrap ult_info_list_container ult-adjust-bottom-margin  \"><ul class=\"smile_icon_list right circle with_bg\"><li class=\"icon_list_item\" style=\" font-size:72px;\"><div class=\"icon_list_icon\" data-animation=\"fadeInLeft\" data-animation-delay=\"03\" style=\"font-size:24px;border-width:1px;border-style:none;background:#fe477b;color:#ffffff;border-color:#333333;\"><i class=\"Defaults-check\" ><\/i><\/div><div class=\"icon_description\" id=\"Info-list-wrap-4123\" style=\"font-size:24px;\"><h3 class=\"ult-responsive info-list-heading\"  data-ultimate-target='#Info-list-wrap-4123 h3'  data-responsive-json-new='{\"font-size\":\"desktop:16px;\",\"line-height\":\"desktop:24px;\"}'  style=\"\">DETALJAN UPITNIK<\/h3><div class=\"icon_description_text ult-responsive\"  data-ultimate-target='#Info-list-wrap-4123 .icon_description_text'  data-responsive-json-new='{\"font-size\":\"desktop:16px;\",\"line-height\":\"desktop:26px;\"}'  style=\"\"><p>Upitnik je namijenjen boljem upoznavanju klijenta (od preferenca odre\u0111enih namirnica do alergije ili slabijih tolerancija na odre\u0111ene namirnice. Plan se prilago\u0111ava klijentu, ukoliko postoji situacija gdje niste u mogu\u0107nosti uzeti obrok sa sobom ili sl., javite mi se te vam ja odmah javljam zamjenu.<\/p>\n<\/div><\/div><div class=\"icon_list_connector\"  style=\"border-left-width: 1px;border-left-style: dashed;border-color: #333333;\"><\/div><\/li><li class=\"icon_list_item\" style=\" font-size:72px;\"><div class=\"icon_list_icon\" data-animation=\"fadeInLeft\" data-animation-delay=\"03\" style=\"font-size:24px;border-width:1px;border-style:none;background:#fe477b;color:#ffffff;border-color:#333333;\"><i class=\"Defaults-check\" ><\/i><\/div><div class=\"icon_description\" id=\"Info-list-wrap-2354\" style=\"font-size:24px;\"><h3 class=\"ult-responsive info-list-heading\"  data-ultimate-target='#Info-list-wrap-2354 h3'  data-responsive-json-new='{\"font-size\":\"desktop:16px;\",\"line-height\":\"desktop:24px;\"}'  style=\"\">DNEVNIK PRISJE\u0106ANJA<\/h3><div class=\"icon_description_text ult-responsive\"  data-ultimate-target='#Info-list-wrap-2354 .icon_description_text'  data-responsive-json-new='{\"font-size\":\"desktop:16px;\",\"line-height\":\"desktop:26px;\"}'  style=\"\"><p>Osim upitnika po kojem \u0107u saznati va\u0161e navike, ciljeve (&#8230;) bitan mi je i dnevnik prisje\u0107anja. Klasi\u010dna nutricionisti\u010dka metoda s kojom \u0107u dobiti bolji uvid u va\u0161e trenutne prehrambene navike, kakve god one bile. One su bitne kako bih ustanovila trenutno stanje metabolizma.<\/p>\n<\/div><\/div><div class=\"icon_list_connector\"  style=\"border-left-width: 1px;border-left-style: dashed;border-color: #333333;\"><\/div><\/li><li class=\"icon_list_item\" style=\" font-size:72px;\"><div class=\"icon_list_icon\" data-animation=\"fadeInLeft\" data-animation-delay=\"03\" style=\"font-size:24px;border-width:1px;border-style:none;background:#fe477b;color:#ffffff;border-color:#333333;\"><i class=\"Defaults-check\" ><\/i><\/div><div class=\"icon_description\" id=\"Info-list-wrap-9651\" style=\"font-size:24px;\"><h3 class=\"ult-responsive info-list-heading\"  data-ultimate-target='#Info-list-wrap-9651 h3'  data-responsive-json-new='{\"font-size\":\"desktop:16px;\",\"line-height\":\"desktop:24px;\"}'  style=\"\">ONLINE KONZULTACIJE<\/h3><div class=\"icon_description_text ult-responsive\"  data-ultimate-target='#Info-list-wrap-9651 .icon_description_text'  data-responsive-json-new='{\"font-size\":\"desktop:16px;\",\"line-height\":\"desktop:26px;\"}'  style=\"\"><p>U cijenu je uklju\u010den i individualni sat putem skype-a ili osobno, ovisno o tome gdje si. Razmijenjujemo korisne informacije, ja osobno \u010desto imam nekoliko ili vi\u0161e pitanja o onome \u0161to sam pro\u010ditala iz Upitnika.<\/p>\n<\/div><\/div><div class=\"icon_list_connector\"  style=\"border-left-width: 1px;border-left-style: dashed;border-color: #333333;\"><\/div><\/li><\/ul><\/div>[\/vc_column_inner][vc_column_inner width=&#8221;1\/3&#8243;][vc_single_image image=&#8221;486&#8243; img_size=&#8221;full&#8221; css_animation=&#8221;fadeInUp&#8221;][apress_text_separator title=&#8221;&#8221; title_font_options=&#8221;tag:h2&#8243;][\/vc_column_inner][vc_column_inner width=&#8221;1\/3&#8243;]<div class=\"smile_icon_list_wrap ult_info_list_container ult-adjust-bottom-margin  \"><ul class=\"smile_icon_list left circle with_bg\"><li class=\"icon_list_item\" style=\" font-size:72px;\"><div class=\"icon_list_icon\" data-animation=\"fadeInRight\" data-animation-delay=\"03\" style=\"font-size:24px;border-width:1px;border-style:none;background:#fe477b;color:#ffffff;border-color:#333333;\"><i class=\"Defaults-check\" ><\/i><\/div><div class=\"icon_description\" id=\"Info-list-wrap-5434\" style=\"font-size:24px;\"><h3 class=\"ult-responsive info-list-heading\"  data-ultimate-target='#Info-list-wrap-5434 h3'  data-responsive-json-new='{\"font-size\":\"desktop:16px;\",\"line-height\":\"desktop:24px;\"}'  style=\"\">POSAO I OSTALE OBVEZE<\/h3><div class=\"icon_description_text ult-responsive\"  data-ultimate-target='#Info-list-wrap-5434 .icon_description_text'  data-responsive-json-new='{\"font-size\":\"desktop:16px;\",\"line-height\":\"desktop:26px;\"}'  style=\"\"><p>Osim \u0161to svatko od nas ima razli\u010dite navike, preference, &#8220;intolerancije&#8221; i i ntolerancije &#8211; imamo i razli\u010dite poslove. Plan MORA funkcionirati uz va\u0161 posao i obveze, ne vi oko plana.<\/p>\n<\/div><\/div><div class=\"icon_list_connector\" data-animation=\"fadeInUp\" data-animation-delay=\"03\" style=\"border-right-width: 1px;border-right-style: dashed;border-color: #333333;\"><\/div><\/li><li class=\"icon_list_item\" style=\" font-size:72px;\"><div class=\"icon_list_icon\" data-animation=\"fadeInLeft\" data-animation-delay=\"03\" style=\"font-size:24px;border-width:1px;border-style:none;background:#fe477b;color:#ffffff;border-color:#333333;\"><i class=\"Defaults-check\" ><\/i><\/div><div class=\"icon_description\" id=\"Info-list-wrap-9035\" style=\"font-size:24px;\"><h3 class=\"ult-responsive info-list-heading\"  data-ultimate-target='#Info-list-wrap-9035 h3'  data-responsive-json-new='{\"font-size\":\"desktop:16px;\",\"line-height\":\"desktop:24px;\"}'  style=\"\">PRA\u0106ENJE<\/h3><div class=\"icon_description_text ult-responsive\"  data-ultimate-target='#Info-list-wrap-9035 .icon_description_text'  data-responsive-json-new='{\"font-size\":\"desktop:16px;\",\"line-height\":\"desktop:26px;\"}'  style=\"\"><p>Sa svim klijentima odra\u0111ujem pra\u0107enje u periodu od minimalno 5 tjedana &#8211; putem Dnevnika i direktnim kontaktom. Po dogovoru za plan, dobivate pristup Google dokumentu putem kojega \u0107emo izmijenjivati tjedne promjene a vi \u0107ete na svakodnevnoj bazi kroz nekoliko re\u010denica re\u0107i kako se osje\u0107ate na kraju dana i \u0161to vam se svidjelo\/manje svidjelo u dana\u0161njem menu-u.<\/p>\n<\/div><\/div><div class=\"icon_list_connector\" data-animation=\"fadeInUp\" data-animation-delay=\"03\" style=\"border-right-width: 1px;border-right-style: dashed;border-color: #333333;\"><\/div><\/li><li class=\"icon_list_item\" style=\" font-size:72px;\"><div class=\"icon_list_icon\" data-animation=\"fadeInRight\" data-animation-delay=\"03\" style=\"font-size:24px;border-width:1px;border-style:none;background:#fe477b;color:#ffffff;border-color:#333333;\"><i class=\"Defaults-check\" ><\/i><\/div><div class=\"icon_description\" id=\"Info-list-wrap-1883\" style=\"font-size:24px;\"><h3 class=\"ult-responsive info-list-heading\"  data-ultimate-target='#Info-list-wrap-1883 h3'  data-responsive-json-new='{\"font-size\":\"desktop:16px;\",\"line-height\":\"desktop:24px;\"}'  style=\"\">MJERENJE I SLIKANJE<\/h3><div class=\"icon_description_text ult-responsive\"  data-ultimate-target='#Info-list-wrap-1883 .icon_description_text'  data-responsive-json-new='{\"font-size\":\"desktop:16px;\",\"line-height\":\"desktop:26px;\"}'  style=\"\"><p>Osim op\u0107eg osje\u0107aja koji \u0107e vam dati doznanja koliko se bolje osje\u0107ate, svaka 2-4 tjedna \u0107emo se mjeriti i slikati kako bismo imali objektivnu sliku napretka. Ovakav tip pra\u0107enja pokazao mi se kao najbolji &#8211; iako je podosta detaljan. Logi\u010dno, dodu\u0161e.<\/p>\n<\/div><\/div><div class=\"icon_list_connector\" data-animation=\"fadeInUp\" data-animation-delay=\"03\" style=\"border-right-width: 1px;border-right-style: dashed;border-color: #333333;\"><\/div><\/li><\/ul><\/div>[\/vc_column_inner][\/vc_row_inner][vc_row_inner][vc_column_inner width=&#8221;1\/2&#8243;][apress_icon_box iconcolor=&#8221;#fe477b&#8221; boxtitlepad=&#8221;padding-top:10|padding-bottom:5&#8243; icon_family=&#8221;fontawesome&#8221; icon_fontawesome=&#8221;fas fa-info&#8221; contentboxtitle=&#8221;Prijavite se&#8221; contentboxarea=&#8221;&#8221;][\/vc_column_inner][vc_column_inner width=&#8221;1\/2&#8243;][apress_icon_box iconcolor=&#8221;#fe477b&#8221; boxtitlepad=&#8221;padding-top:10|padding-bottom:5&#8243; icon_family=&#8221;fontawesome&#8221; icon_fontawesome=&#8221;far fa-arrow-alt-circle-down&#8221; contentboxtitle=&#8221;Provjeri iskustva prija\u0161njih klijenata&#8221; contentboxarea=&#8221;Uz nekoliko izdvojenih mi\u0161ljenja klijenata, vi\u0161e pro\u010ditajte OVDJE ili pod osvrtima na mojoj FB stranici.&#8221;][\/vc_column_inner][\/vc_row_inner][\/vc_column][\/vc_row][vc_row][vc_column width=&#8221;1\/2&#8243; animation_type=&#8221;clipping&#8221; apress_column_overlay_hover_color=&#8221;#fe477b&#8221; css=&#8221;.vc_custom_1598909912932{background-color: #ffffff !important;}&#8221;]\r\n<!--zolo calltoaction Row Start-->\r\n\r\n<div id=\"apress_contactform_1\" class=\"apress_contactform small noanimation\" data-animation =\"No Animation\" data-delay =\"500\"> \r\n\t\n<div class=\"wpcf7 no-js\" id=\"wpcf7-f4-o1\" lang=\"en-US\" dir=\"ltr\">\n<div class=\"screen-reader-response\"><p role=\"status\" aria-live=\"polite\" aria-atomic=\"true\"><\/p> <ul><\/ul><\/div>\n<form action=\"\/index.php\/wp-json\/wp\/v2\/pages\/2#wpcf7-f4-o1\" method=\"post\" class=\"wpcf7-form init\" aria-label=\"Contact form\" novalidate=\"novalidate\" data-status=\"init\">\n<div style=\"display: none;\">\n<input type=\"hidden\" name=\"_wpcf7\" value=\"4\" \/>\n<input type=\"hidden\" name=\"_wpcf7_version\" value=\"5.8\" \/>\n<input type=\"hidden\" name=\"_wpcf7_locale\" value=\"en_US\" \/>\n<input type=\"hidden\" name=\"_wpcf7_unit_tag\" value=\"wpcf7-f4-o1\" \/>\n<input type=\"hidden\" name=\"_wpcf7_container_post\" value=\"0\" \/>\n<input type=\"hidden\" name=\"_wpcf7_posted_data_hash\" value=\"\" \/>\n<input type=\"hidden\" name=\"_wpcf7_recaptcha_response\" value=\"\" \/>\n<\/div>\n<ul class=\"contact_form input_bottom_border fullwidth_buttton\">\n\t<li>\n\t\t<p><span class=\"wpcf7-form-control-wrap\" data-name=\"your-name\"><input size=\"40\" class=\"wpcf7-form-control wpcf7-text wpcf7-validates-as-required\" aria-required=\"true\" aria-invalid=\"false\" placeholder=\"Va\u0161e ime\" value=\"\" type=\"text\" name=\"your-name\" \/><\/span>\n\t\t<\/p>\n\t<\/li>\n\t<li>\n\t\t<p><span class=\"wpcf7-form-control-wrap\" data-name=\"your-email\"><input size=\"40\" class=\"wpcf7-form-control wpcf7-email wpcf7-validates-as-required wpcf7-text wpcf7-validates-as-email\" aria-required=\"true\" aria-invalid=\"false\" placeholder=\"Va\u0161 Email\" value=\"\" type=\"email\" name=\"your-email\" \/><\/span>\n\t\t<\/p>\n\t<\/li>\n\t<li>\n\t\t<p><span class=\"wpcf7-form-control-wrap\" data-name=\"your-subject\"><input size=\"40\" class=\"wpcf7-form-control wpcf7-text\" aria-invalid=\"false\" placeholder=\"Naslov\" value=\"\" type=\"text\" name=\"your-subject\" \/><\/span>\n\t\t<\/p>\n\t<\/li>\n\t<li>\n\t\t<p><span class=\"wpcf7-form-control-wrap\" data-name=\"your-message\"><textarea cols=\"40\" rows=\"10\" class=\"wpcf7-form-control wpcf7-textarea\" aria-invalid=\"false\" placeholder=\"Va\u0161a Poruka\" name=\"your-message\"><\/textarea><\/span>\n\t\t<\/p>\n\t<\/li>\n\t<li>\n\t\t<p><input class=\"wpcf7-form-control wpcf7-submit has-spinner\" type=\"submit\" value=\"Po\u0161alji\" \/>\n\t\t<\/p>\n\t<\/li>\n<\/ul><p style=\"display: none !important;\" class=\"akismet-fields-container\" data-prefix=\"_wpcf7_ak_\"><label>&#916;<textarea name=\"_wpcf7_ak_hp_textarea\" cols=\"45\" rows=\"8\" maxlength=\"100\"><\/textarea><\/label><input type=\"hidden\" id=\"ak_js_1\" name=\"_wpcf7_ak_js\" value=\"26\"\/><script>document.getElementById( \"ak_js_1\" ).setAttribute( \"value\", ( new Date() ).getTime() );<\/script><\/p><div class=\"wpcf7-response-output\" aria-hidden=\"true\"><\/div>\n<\/form>\n<\/div>\n \r\n<\/div>\r\n[\/vc_column][vc_column width=&#8221;1\/2&#8243;][apress_testimonial_slider desktop_no_of_items=&#8221;1&#8243; tablet_no_of_items=&#8221;1&#8243; mobile_no_of_items=&#8221;1&#8243; num=&#8221;&#8221; testimonialbox_active_bg_color=&#8221;#fe477b&#8221; testimonialnamefontcolor=&#8221;#fe477b&#8221; testimonialimgborcolor=&#8221;#fe477b&#8221; testimonialstyle=&#8221;testimonials_style8&#8243; designation_font_options=&#8221;font_size:13&#8243;][\/vc_column][\/vc_row][vc_row][vc_column][\/vc_column][\/vc_row]<\/p>\n","protected":false},"excerpt":{"rendered":"<p>[vc_row][vc_column][apress_heading sub_title=&#8221;&#8221; enable_delimiter=&#8221;&#8221; color_scheme=&#8221;design_your_own&#8221; main_heading_color=&#8221;#333333&#8243; style=&#8221;heading_style1&#8243; heading_margin=&#8221;margin-bottom:50&#8243; title_font_options=&#8221;tag:h2|font_size:50|line_height:60|letter_spacing:1&#8243; subtitle_font_options=&#8221;tag:div&#8221;]\u0160TO O\u010cEKIVATI[\/apress_heading][vc_row_inner][vc_column_inner width=&#8221;1\/3&#8243;][vc_column_text css_animation=&#8221;fadeInUp&#8221;] Plan prehrane koji se sastoji od klasi\u010dnog piletina\/brokula\/tuna menija &#8211; to nije! [\/vc_column_text][\/vc_column_inner][vc_column_inner width=&#8221;1\/3&#8243;][vc_column_text css_animation=&#8221;fadeInUp&#8221;]Kao certificirani nutricionist, svoj rad temeljim na radu sa rekreativcima. Smisao mog poslovanja, kao&hellip;<\/p>\n","protected":false},"author":1,"featured_media":0,"parent":0,"menu_order":0,"comment_status":"closed","ping_status":"open","template":"","meta":{"footnotes":""},"class_list":["post-2","page","type-page","status-publish","hentry"],"_links":{"self":[{"href":"https:\/\/marina-lifts.com\/index.php\/wp-json\/wp\/v2\/pages\/2","targetHints":{"allow":["GET"]}}],"collection":[{"href":"https:\/\/marina-lifts.com\/index.php\/wp-json\/wp\/v2\/pages"}],"about":[{"href":"https:\/\/marina-lifts.com\/index.php\/wp-json\/wp\/v2\/types\/page"}],"author":[{"embeddable":true,"href":"https:\/\/marina-lifts.com\/index.php\/wp-json\/wp\/v2\/users\/1"}],"replies":[{"embeddable":true,"href":"https:\/\/marina-lifts.com\/index.php\/wp-json\/wp\/v2\/comments?post=2"}],"version-history":[{"count":23,"href":"https:\/\/marina-lifts.com\/index.php\/wp-json\/wp\/v2\/pages\/2\/revisions"}],"predecessor-version":[{"id":2405,"href":"https:\/\/marina-lifts.com\/index.php\/wp-json\/wp\/v2\/pages\/2\/revisions\/2405"}],"wp:attachment":[{"href":"https:\/\/marina-lifts.com\/index.php\/wp-json\/wp\/v2\/media?parent=2"}],"curies":[{"name":"wp","href":"https:\/\/api.w.org\/{rel}","templated":true}]}}