{"id":1967,"date":"2019-08-25T11:52:17","date_gmt":"2019-08-25T09:52:17","guid":{"rendered":"http:\/\/marina-lifts.com\/?page_id=1967"},"modified":"2024-01-09T22:36:00","modified_gmt":"2024-01-09T21:36:00","slug":"online_coaching","status":"publish","type":"page","link":"https:\/\/marina-lifts.com\/index.php\/online_coaching\/","title":{"rendered":"Lifts App &#8211; Online Coaching"},"content":{"rendered":"<p>[vc_row][vc_column]<div id=\"ultimate-video-581369e0232ad56dc\" class=\"ult-video  ult-adjust-bottom-margin ultimate-video-581369e0232ad56dc ultv-1854 \"><div class=\"ultv-video ultv-aspect-ratio-16_9 ultv-subscribe-responsive-none\" data-videotype=\"vimeo_video\">\r\n\t\t\t\t\t\t<div class=\"ultv-video__outer-wrap\" data-autoplay=\"1\" data-device=\"false\"  data-iconbg=\"#3A3A3A\" data-overcolor=\"\" data-defaultbg=\"#1f1f1e\" data-defaultplay=\"defaulticon\"><div class=\"ultv-vimeo-wrap\"><div class=\"ultv-vimeo-portrait\">\r\n\t\t\t\t\t<a href=\"https:\/\/vimeo.com\/user185187660\"><img decoding=\"async\" src=\"https:\/\/i.vimeocdn.com\/portrait\/87710060_300x300?sig=a4df7dfc66bf20765bbac97c17bad4b11e67cf94c0822025ccd3a1725c448ff2&v=1&region=us\"><\/a><\/div><div class=\"ultv-vimeo-headers\"><div class=\"ultv-vimeo-title\">\r\n\t\t\t\t\t\t\t<a href=\"https:\/\/vimeo.com\/832246280\">Marina Lifts Coaching App<\/a>\r\n\t\t\t\t\t\t<\/div><div class=\"ultv-vimeo-byline\">\r\n\t\t\t\t\t\tfrom <a href=\"https:\/\/vimeo.com\/832246280\"> Marina Lifts<\/a>\r\n\t\t\t\t\t<\/div><\/div><\/div><div class=\"ultv-video__play\" data-src=\"https:\/\/player.vimeo.com\/video\/832246280?autoplay=1&amp;loop=1&amp;title=1&amp;portrait=1&amp;byline=1&amp;color&amp;autopause=0&amp;autoplay=1\">\r\n\t\t\t\t\t\t\t\t<img decoding=\"async\" class=\"ultv-video__thumb\" src=\"https:\/\/i.vimeocdn.com\/video\/1678017064-d63109e4a524d8da1ac7debf5a1fd26803b08985b241b6127408bbfceecf3ff3-d_840?region=us\"\/>\r\n\t\t\t\t\t\t\t\t<div class=\"ultv-video__play-icon  ultv-animation-none\" style=\"width:75px\"><svg version=\"1.1\" height=\"100%\" width=\"100%\"  viewBox=\"0 14.375 95 66.25\"><path class=\"ultv-vimeo-icon-bg\" d=\"M12.5,14.375c-6.903,0-12.5,5.597-12.5,12.5v41.25c0,6.902,5.597,12.5,12.5,12.5h70c6.903,0,12.5-5.598,12.5-12.5v-41.25c0-6.903-5.597-12.5-12.5-12.5H12.5z\"\/><polygon fill=\"#FFFFFF\" points=\"39.992,64.299 39.992,30.701 62.075,47.5 \"\/><\/svg><\/div> <\/div> <\/div><\/div><\/div>[\/vc_column][\/vc_row][vc_row][vc_column][vc_empty_space height=&#8221;64px&#8221;][apress_text_separator title=&#8221;Marina Lifts &#8211; Mobilna aplikacija&#8221; title_font_options=&#8221;tag:h2&#8243; color=&#8221;#fe477b&#8221;][vc_column_text]<\/p>\n<h4>Tijekom gotovo 10 godina rada s klijentima, \u0161to individualno a \u0161to online &#8211; stvorila sam Lifts App koja objedinjuje #UISTINUINDIVIDULNI pristup i mogu\u0107nost samostalnog planiranja trening. Sve to u interaktivnoj mobilnoj aplikaciji.<\/h4>\n<p>[\/vc_column_text][\/vc_column][\/vc_row][vc_row equal_height=&#8221;yes&#8221; content_placement=&#8221;middle&#8221; css=&#8221;.vc_custom_1474462850477{padding-top: 150px !important;padding-bottom: 50px !important;}&#8221;][vc_column width=&#8221;1\/2&#8243; apress_parallax_type=&#8221;background&#8221;][vc_single_image image=&#8221;2637&#8243; img_size=&#8221;large&#8221; alignment=&#8221;center&#8221; css_animation=&#8221;fadeInLeft&#8221;][\/vc_column][vc_column width=&#8221;1\/2&#8243;][vc_column_text css_animation=&#8221;fadeInRight&#8221;]<\/p>\n<h2>\u0160to zna\u010di #UISTINU INDIVIDUALNO ?<\/h2>\n<h5>Uistinu individualan pristup ono je iza \u010dega stojim. Izra\u017eava misiju i viziju Marina Lifts branda.<\/h5>\n<h5>Kroz gotovo <strong>10\u00a0godina iskustva rada s klijentima<\/strong>, htjela sam omogu\u0107iti maksimalno <strong>individualno iskustvo<\/strong>, kroz povoljniju cijenu &#8211; bez obzira na va\u0161u lokaciju.<\/h5>\n<p>[\/vc_column_text][\/vc_column][\/vc_row][vc_row equal_height=&#8221;yes&#8221; content_placement=&#8221;middle&#8221; css=&#8221;.vc_custom_1474462861744{padding-top: 70px !important;padding-bottom: 50px !important;}&#8221;][vc_column width=&#8221;1\/2&#8243;][vc_column_text]<\/p>\n<h2>\u0160to uklju\u010duje LIFTS APP?<\/h2>\n<ul>\n<li>\n<h5><strong>Obaveznu dijagnostiku<\/strong> na po\u010detku suradnje, kako bih mogla sa sigurno\u0161\u0107u postaviti plan treninga.<\/h5>\n<\/li>\n<li>\n<h5>Plan treninga unutar aplikacije sa <strong>potpunim video obja\u0161njenjima<\/strong> svake vje\u017ebe<\/h5>\n<\/li>\n<li>\n<h5><a href=\"http:\/\/marina-lifts.com\/index.php\/plan-prehrane\/\">Plan prehrane<\/a> koji je individualno prilago\u0111en vama &#8211; jer druk\u010dije ne smije biti<\/h5>\n<\/li>\n<li>\n<h5><strong>Pra\u0107enje kroz 1-6 mjeseci<\/strong>, kroz konzultacije (i promjene po potrebi) svaka 2 tjedna<\/h5>\n<\/li>\n<\/ul>\n<h5>* Aplikacija je u potpunosti interaktivna te se sinkronizira sa va\u0161im kalendarom, Smart Watch aplikacijom te vas podsje\u0107a na svaki trening koji je zadan.<\/h5>\n<p>[\/vc_column_text][\/vc_column][vc_column width=&#8221;1\/2&#8243;][vc_single_image image=&#8221;2649&#8243; img_size=&#8221;full&#8221; alignment=&#8221;center&#8221; css_animation=&#8221;bottom-to-top&#8221;][\/vc_column][\/vc_row][vc_row content_placement=&#8221;middle&#8221; css=&#8221;.vc_custom_1501898468617{padding-top: 45px !important;padding-bottom: 30px !important;}&#8221;][vc_column css=&#8221;.vc_custom_1501897467348{padding-right: 10% !important;padding-left: 10% !important;}&#8221;][apress_heading sub_title=&#8221;Online vodstvo odra\u0111ujemo kroz nekoliko bitnih koraka:&#8221; data_animation=&#8221;fadeInUp&#8221; data_delay=&#8221;300&#8243; enable_delimiter=&#8221;&#8221; title_google_fonts=&#8221;yes&#8221; style=&#8221;heading_style1&#8243; heading_margin=&#8221;margin-bottom:30&#8243; subheading_margin=&#8221;margin-bottom:30&#8243; title_font_options=&#8221;tag:h2|font_size:50|line_height:60|letter_spacing:1&#8243; title_custom_fonts=&#8221;font_family:Roboto%3A100%2C100italic%2C300%2C300italic%2Cregular%2Citalic%2C500%2C500italic%2C700%2C700italic%2C900%2C900italic|font_style:300%20light%20regular%3A300%3Anormal&#8221; subtitle_font_options=&#8221;tag:div&#8221; title_responsive=&#8221;font_size_tablet:35|line_height_tablet:40|letter_spacing_tablet:1|font_size_mobile:25|line_height_mobile:30|letter_spacing_mobile:1&#8243;]Detaljno o online vodstvu:[\/apress_heading][\/vc_column][\/vc_row][vc_row css=&#8221;.vc_custom_1505543863176{padding-bottom: 50px !important;}&#8221;][vc_column width=&#8221;1\/3&#8243;][apress_process title=&#8221;PRIJAVITE SE&#8221; content_alignment=&#8221;left&#8221; data_animation=&#8221;fadeInLeft&#8221; data_delay=&#8221;200&#8243; style=&#8221;process_style3&#8243; title_font_options=&#8221;tag:h1&#8243; step_font_options=&#8221;tag:h1|font_size:100|color:%23f1f1f1|line_height:100&#8243; content_font_options=&#8221;tag:div&#8221;]Prijavu odra\u0111ujete kroz <a href=\"http:\/\/marina-lifts.com\/index.php\/contact-us-2\/\">kontaktni obrazac<\/a>. Povratno \u0107u vas kontaktirati sljede\u0107i radni dan nakon primitka e-maila. Ukoliko je dosegnuti maksimalni broj klijenata, o tome \u0107u vas tako\u0111er informirati.[\/apress_process][\/vc_column][vc_column width=&#8221;1\/3&#8243;][apress_process title=&#8221;ISPUNA OBRASCA&#8221; process_step=&#8221;02&#8243; content_alignment=&#8221;left&#8221; data_animation=&#8221;fadeInUp&#8221; data_delay=&#8221;400&#8243; style=&#8221;process_style3&#8243; title_font_options=&#8221;tag:h1&#8243; step_font_options=&#8221;tag:h1|font_size:100|color:%23f1f1f1|line_height:100&#8243; content_font_options=&#8221;tag:div&#8221;]Kao i kod izrade <a href=\"http:\/\/marina-lifts.com\/index.php\/plan-prehrane\/\">plana prehrane<\/a>, biti \u0107e potrebno odraditi sli\u010dne korake (ispuna obrasca, konzultacije, informacije o va\u0161em na\u010dinu \u017eivota, prija\u0161njim ozljedama, na\u010dinu treninga&#8230;). Odaberite \u017eelite li online vodstvo u obliku TRENINGA + PREHRANE ili samo PREHRANE.[\/apress_process][\/vc_column][vc_column width=&#8221;1\/3&#8243;][apress_process title=&#8221;PRISTUP PLANU TRENINGA&#8221; process_step=&#8221;03&#8243; content_alignment=&#8221;left&#8221; data_animation=&#8221;fadeInRight&#8221; data_delay=&#8221;600&#8243; style=&#8221;process_style3&#8243; title_font_options=&#8221;tag:h1&#8243; step_font_options=&#8221;tag:h1|font_size:100|color:%23f1f1f1|line_height:100&#8243; content_font_options=&#8221;tag:div&#8221;]Ukoliko ste se odlu\u010dili isklju\u010divo za plan treninga, omogu\u0107avam vam pristup istom. Na prakti\u010dan na\u010din pratiti \u0107ete broj ponavljanja, serija, progresiju te \u0107e vam biti omogu\u0107en pristup pokaznim vje\u017ebama. Ako je u kombinaciji i plan treninga, suradnja \u0107e po tom pitanju funkcionirati kako je obja\u0161njeno <a href=\"http:\/\/marina-lifts.com\/index.php\/plan-prehrane\/\">OVDJE<\/a> plus kroz plan treninga.[\/apress_process][\/vc_column][\/vc_row][vc_row equal_height=&#8221;yes&#8221; content_placement=&#8221;middle&#8221; css=&#8221;.vc_custom_1474462874998{padding-top: 70px !important;padding-bottom: 50px !important;}&#8221;][vc_column width=&#8221;1\/2&#8243;][vc_single_image image=&#8221;2654&#8243; img_size=&#8221;full&#8221; alignment=&#8221;center&#8221; css_animation=&#8221;bottom-to-top&#8221;][\/vc_column][vc_column width=&#8221;1\/2&#8243;][vc_column_text]<\/p>\n<h2>PRA\u0106ENJE NAPRETKA<\/h2>\n<h5>Jednako kao i kod individualnog pra\u0107enja, na po\u010detku suradnje potrebno je poslati<strong> inicijalno stanje<\/strong> (antropometrijsko mjerenje tijela te slike tijela u 3 poze). Na taj na\u010din \u0107emo kroz cijeli period suradnje imati jasnu sliku napretka.<\/h5>\n<h5>Kroz aplikaciju sam <strong>uvijek dostupna za upit<\/strong>, a obvezne konzultacije odra\u0111ujemo svakih 2 tjedna.<\/h5>\n<h5>Obvezno je i slanje<strong> video prikaza<\/strong> va\u0161eg treninga, kako bih mogla imati uvid u nau\u010deno i savladano.<\/h5>\n<p>&nbsp;[\/vc_column_text][\/vc_column][\/vc_row][vc_row css=&#8221;.vc_custom_1474636193794{padding-bottom: 100px !important;background-color: #ffffff !important;}&#8221;][vc_column css=&#8221;.vc_custom_1464100748230{padding-top: 0px !important;}&#8221;]<div class=\"ult-spacer spacer-69e0232b4f654\" data-id=\"69e0232b4f654\" data-height=\"91\" data-height-mobile=\"91\" data-height-tab=\"91\" data-height-tab-portrait=\"91\" data-height-mobile-landscape=\"91\" style=\"clear:both;display:block;\"><\/div><div id=\"ultimate-heading-76169e0232b4f684\" class=\"uvc-heading ult-adjust-bottom-margin ultimate-heading-76169e0232b4f684 uvc-1058 \" data-hspacer=\"no_spacer\"  data-halign=\"center\" style=\"text-align:center\"><div class=\"uvc-heading-spacer no_spacer\" style=\"top\"><\/div><div class=\"uvc-main-heading ult-responsive\"  data-ultimate-target='.uvc-heading.ultimate-heading-76169e0232b4f684 h2'  data-responsive-json-new='{\"font-size\":\"desktop:34px;\",\"line-height\":\"desktop:40px;\"}' ><h2 style=\"font-weight:normal;color:#373737;margin-bottom:10px;\">Cijena usluga online coahinga<\/h2><\/div><div class=\"uvc-sub-heading ult-responsive\"  data-ultimate-target='.uvc-heading.ultimate-heading-76169e0232b4f684 .uvc-sub-heading '  data-responsive-json-new='{\"font-size\":\"desktop:18px;\",\"line-height\":\"desktop:30px;\"}'  style=\"font-weight:normal;color:#373737;margin-bottom:30px;\">Uklju\u010duje online konzultacije 1-2x dvotjedno, pristup te vodstvo kroz aplikaciju, plan prehrane te podr\u0161ku.<\/div><\/div>[\/vc_column][\/vc_row][vc_row full_width=&#8221;stretch_row&#8221; full_height=&#8221;yes&#8221; equal_height=&#8221;yes&#8221; content_placement=&#8221;middle&#8221; css=&#8221;.vc_custom_1502695909235{padding-top: 100px !important;padding-bottom: 100px !important;background-color: #f2f2f2 !important;}&#8221;][vc_column][vc_row_inner][vc_column_inner width=&#8221;1\/3&#8243;][apress_pricing_table color_scheme=&#8221;primary_color_scheme&#8221; title=&#8221;BASIC&#8221; currency_symbol=&#8221;\u20ac&#8221; price=&#8221;200&#8243; recurring_fee=&#8221;\/ 1 mjesec&#8221; pricing_box_swing=&#8221;yes&#8221; enable_icon=&#8221;yes&#8221; icon_family=&#8221;linecons&#8221; button_text=&#8221;Prijavi se&#8221; button_size=&#8221;large&#8221; button_shape=&#8221;rounded&#8221; style=&#8221;pricing_table_style1&#8243; title_font_options=&#8221;tag:h2&#8243; content_features_font_options=&#8221;tag:div&#8221; button_link=&#8221;url:https%3A%2F%2Fmarina-lifts.com%2Findex.php%2Fkontaktirajte_me%2F|target:_blank&#8221;]Inicijalne konzultacije<\/p>\n<p>Pristup digitalnoj aplikaciji<\/p>\n<p>Individualni plan treninga<\/p>\n<p>Vje\u017ebe fleksibilnosti i mobilnosti<\/p>\n<p>Plan prehrane<\/p>\n<p>Tjedni check-in[\/apress_pricing_table][\/vc_column_inner][vc_column_inner width=&#8221;1\/3&#8243;][apress_pricing_table color_scheme=&#8221;primary_color_scheme&#8221; title=&#8221;ADVANCED&#8221; currency_symbol=&#8221;\u20ac&#8221; price=&#8221;300&#8243; recurring_fee=&#8221;\/ 3 mjeseca&#8221; featured_pricing=&#8221;yes&#8221; pricing_box_swing=&#8221;yes&#8221; enable_icon=&#8221;yes&#8221; icon_family=&#8221;linecons&#8221; icon_linecons=&#8221;vc_li vc_li-bulb&#8221; button_text=&#8221;Prijavi se&#8221; button_size=&#8221;large&#8221; button_shape=&#8221;rounded&#8221; style=&#8221;pricing_table_style1&#8243; title_font_options=&#8221;tag:h2&#8243; content_features_font_options=&#8221;tag:div&#8221; button_link=&#8221;url:https%3A%2F%2Fmarina-lifts.com%2Findex.php%2Fkontaktirajte_me%2F|target:_blank&#8221;]Konzultacije na po\u010detku te svaki mjesec suradnje<\/p>\n<p>Pristup digitalnoj aplikaciji<\/p>\n<p>Individualni plan treninga<\/p>\n<p>Vje\u017ebe fleksibilnosti i mobilnosti<\/p>\n<p>Plan prehrane + korekcija 2-3x<\/p>\n<p>Tjedni check-in[\/apress_pricing_table][\/vc_column_inner][vc_column_inner width=&#8221;1\/3&#8243;][apress_pricing_table color_scheme=&#8221;primary_color_scheme&#8221; title=&#8221;ENTERPRISE&#8221; currency_symbol=&#8221;\u20ac&#8221; price=&#8221;500&#8243; recurring_fee=&#8221;\/ 6 mjeseci&#8221; pricing_box_swing=&#8221;yes&#8221; enable_icon=&#8221;yes&#8221; icon_family=&#8221;linecons&#8221; icon_linecons=&#8221;vc_li vc_li-cloud&#8221; button_text=&#8221;Prijavi se&#8221; button_size=&#8221;large&#8221; button_shape=&#8221;rounded&#8221; style=&#8221;pricing_table_style1&#8243; title_font_options=&#8221;tag:h2&#8243; content_features_font_options=&#8221;tag:div&#8221; button_link=&#8221;url:https%3A%2F%2Fmarina-lifts.com%2Findex.php%2Fkontaktirajte_me%2F|target:_blank&#8221;]Konzultacije u\u017eivo na po\u010detku te svakih 4 tjedna suradnje<\/p>\n<p>Pristup digitalnoj aplikaciji<\/p>\n<p>Individualni plan treninga<\/p>\n<p>Vje\u017ebe fleksibilnosti i mobilnosti<\/p>\n<p>Plan prehrane + korekcija svaka 4 tjedna<\/p>\n<p>Tjedni check-in[\/apress_pricing_table][\/vc_column_inner][\/vc_row_inner]<div class=\"apress-spacer spacer-69e0232b4f6ac\" data-id=\"69e0232b4f6ac\" data-height=\"10\" data-height-mobile=\"10\" data-height-tab=\"10\" data-height-tab-portrait=\"\" data-height-mobile-landscape=\"\" style=\"clear:both;display:block;\"><\/div><div class=\"apress-spacer spacer-69e0232b4f6bb\" data-id=\"69e0232b4f6bb\" data-height=\"10\" data-height-mobile=\"10\" data-height-tab=\"10\" data-height-tab-portrait=\"\" data-height-mobile-landscape=\"\" style=\"clear:both;display:block;\"><\/div>[apress_callto_action calltoaction_title=&#8221;POTPUNI CJENIK USLUGA PROVJERITE OVDJE&#8221; calltoaction_title_size=&#8221;30&#8243; calltoaction_text=&#8221;&#8221; calltoaction_titlecolor=&#8221;#000000&#8243; calltoaction_textcolor=&#8221;#000000&#8243; calltoaction_boxbgcolor=&#8221;#fe477b&#8221; calltoaction_boxbordercolor=&#8221;rgba(240,240,240,0.01)&#8221; calltoaction_button_text=&#8221;CJENIK&#8221; calltoaction_buttonfontcolor=&#8221;#000000&#8243; calltoaction_buttonfontcolorhover=&#8221;#fe477b&#8221; calltoaction_buttonbgcolor=&#8221;#ffffff&#8221; calltoaction_buttonbgcolorhover=&#8221;#ffffff&#8221; calltoaction_buttonbordercolor=&#8221;#ffffff&#8221; calltoaction_buttonbordercolorhover=&#8221;#ffffff&#8221; data_delay=&#8221;300&#8243; icon_family=&#8221;fontawesome&#8221; calltoaction_button_link=&#8221;url:http%3A%2F%2Fmarina-lifts.com%2Findex.php%2Fcjenik-usluga%2F|title:Cjenik%20Usluga&#8221;][\/vc_column][\/vc_row]<\/p>\n","protected":false},"excerpt":{"rendered":"<p>[vc_row][vc_column][\/vc_column][\/vc_row][vc_row][vc_column][vc_empty_space height=&#8221;64px&#8221;][apress_text_separator title=&#8221;Marina Lifts &#8211; Mobilna aplikacija&#8221; title_font_options=&#8221;tag:h2&#8243; color=&#8221;#fe477b&#8221;][vc_column_text] Tijekom gotovo 10 godina rada s klijentima, \u0161to individualno a \u0161to online &#8211; stvorila sam Lifts App koja objedinjuje #UISTINUINDIVIDULNI pristup i mogu\u0107nost samostalnog planiranja trening. Sve to u interaktivnoj mobilnoj&hellip;<\/p>\n","protected":false},"author":1,"featured_media":0,"parent":0,"menu_order":0,"comment_status":"closed","ping_status":"closed","template":"","meta":{"footnotes":""},"class_list":["post-1967","page","type-page","status-publish","hentry"],"_links":{"self":[{"href":"https:\/\/marina-lifts.com\/index.php\/wp-json\/wp\/v2\/pages\/1967","targetHints":{"allow":["GET"]}}],"collection":[{"href":"https:\/\/marina-lifts.com\/index.php\/wp-json\/wp\/v2\/pages"}],"about":[{"href":"https:\/\/marina-lifts.com\/index.php\/wp-json\/wp\/v2\/types\/page"}],"author":[{"embeddable":true,"href":"https:\/\/marina-lifts.com\/index.php\/wp-json\/wp\/v2\/users\/1"}],"replies":[{"embeddable":true,"href":"https:\/\/marina-lifts.com\/index.php\/wp-json\/wp\/v2\/comments?post=1967"}],"version-history":[{"count":52,"href":"https:\/\/marina-lifts.com\/index.php\/wp-json\/wp\/v2\/pages\/1967\/revisions"}],"predecessor-version":[{"id":2764,"href":"https:\/\/marina-lifts.com\/index.php\/wp-json\/wp\/v2\/pages\/1967\/revisions\/2764"}],"wp:attachment":[{"href":"https:\/\/marina-lifts.com\/index.php\/wp-json\/wp\/v2\/media?parent=1967"}],"curies":[{"name":"wp","href":"https:\/\/api.w.org\/{rel}","templated":true}]}}