{"id":1380,"date":"2018-08-21T05:57:51","date_gmt":"2018-08-21T05:57:51","guid":{"rendered":"http:\/\/apressthemes.com\/apress\/demo79\/?page_id=1380"},"modified":"2020-09-01T14:37:30","modified_gmt":"2020-09-01T12:37:30","slug":"individualni_trening","status":"publish","type":"page","link":"https:\/\/marina-lifts.com\/index.php\/individualni_trening\/","title":{"rendered":"Individualni Trening"},"content":{"rendered":"<p>[vc_row css=&#8221;.vc_custom_1540971945365{padding-top: 20px !important;padding-bottom: 50px !important;}&#8221;][vc_column][apress_heading sub_title=&#8221;ZA\u0160TO ODABRATI&#8221; enable_delimiter=&#8221;&#8221; color_scheme=&#8221;design_your_own&#8221; main_heading_color=&#8221;#333333&#8243; style=&#8221;heading_style2&#8243; heading_margin=&#8221;margin-top:20|margin-bottom:20&#8243; title_font_options=&#8221;tag:h2|font_size:35|line_height:45|letter_spacing:1|font_style_bold:1&#8243; subtitle_font_options=&#8221;tag:p|letter_spacing:2&#8243; title_responsive=&#8221;font_size_tablet:40|line_height_tablet:50|letter_spacing_tablet:1|font_size_mobile:30|line_height_mobile:40|letter_spacing_mobile:1&#8243;]Individualni trening[\/apress_heading]<div class=\"ult-spacer spacer-69e02367df151\" data-id=\"69e02367df151\" data-height=\"20\" data-height-mobile=\"20\" data-height-tab=\"20\" data-height-tab-portrait=\"\" data-height-mobile-landscape=\"\" style=\"clear:both;display:block;\"><\/div>[\/vc_column][\/vc_row][vc_row css=&#8221;.vc_custom_1540971963197{padding-bottom: 50px !important;}&#8221;][vc_column][apress_heading sub_title=&#8221;&#8221; enable_delimiter=&#8221;&#8221; color_scheme=&#8221;design_your_own&#8221; main_heading_color=&#8221;#333333&#8243; style=&#8221;heading_style6&#8243; heading_margin=&#8221;margin-top:30|margin-bottom:30&#8243; title_font_options=&#8221;tag:h2|letter_spacing:1|font_style_bold:1&#8243; subtitle_font_options=&#8221;tag:div|letter_spacing:2&#8243;]Ne ka\u017ee se bez razloga kako je individualan trening najbolji vid treninga![\/apress_heading][apress_text_link_box readmore_text=&#8221;&#8221; title_font_options=&#8221;tag:h2&#8243;]<\/p>\n<h5>Individualni tip treninga u potpunosti je prilago\u0111en pojedincu. Bilo da se radi o izolacijskom treningu, pobolj\u0161avanju kondicije i motori\u010dkih sposobnosti kroz funkcionalni tip treninga ili o korektivnim vje\u017ebama za pobolj\u0161avanje posture&#8230;<\/h5>\n<h5>Kroz rad 1 na 1 omogu\u0107eno mi je u potpunosti upoznati Vas i Va\u0161e tijelo te oformiti program prilago\u0111en Va\u0161im potrebama. Dakako, individualni trening nije samo prilika za najkvalitetniji rad s klijentima ve\u0107 i prilika na pozitivni utjecaj na njihovo stajali\u0161te prema aktivnom na\u010dinu \u017eivota i odnosu prema prehrani.<\/h5>\n<p>[\/apress_text_link_box][\/vc_column][\/vc_row][vc_row css=&#8221;.vc_custom_1531230044292{padding-top: 50px !important;padding-right: 5% !important;padding-bottom: 50px !important;padding-left: 5% !important;}&#8221;][vc_column][apress_heading sub_title=&#8221;&#8221; enable_delimiter=&#8221;&#8221; color_scheme=&#8221;design_your_own&#8221; main_heading_color=&#8221;#333333&#8243; style=&#8221;heading_style1&#8243; title_font_options=&#8221;tag:h2|font_size:35|line_height:45|letter_spacing:1|font_style_bold:1&#8243; subtitle_font_options=&#8221;tag:div|letter_spacing:2&#8243; heading_margin=&#8221;margin-top:50|margin-bottom:20&#8243; subheading_margin=&#8221;margin-bottom:20&#8243;]Kako krenuti?[\/apress_heading][\/vc_column][\/vc_row][vc_row css=&#8221;.vc_custom_1598853145641{padding-bottom: 70px !important;}&#8221;][vc_column width=&#8221;1\/2&#8243;][apress_accordion gutter_space=&#8221;20&#8243; autoplay=&#8221;none&#8221; active_section=&#8221;1&#8243; color_scheme=&#8221;design_your_own&#8221; active_tab_color=&#8221;#fe477b&#8221; active_tab_highlight_border_height=&#8221;2&#8243; active_tab_icon_color=&#8221;#fe477b&#8221; icon_size=&#8221;16&#8243; tab_title_google_fonts=&#8221;yes&#8221; tab_title_color=&#8221;#757575&#8243; active_tab_title_color=&#8221;#fe477b&#8221; style=&#8221;accordion_style9&#8243; tab_title_font_options=&#8221;font_size:20|line_height:28&#8243; tab_title_custom_fonts=&#8221;font_family:Open%20Sans%3A300%2C300italic%2Cregular%2Citalic%2C600%2C600italic%2C700%2C700italic%2C800%2C800italic|font_style:400%20regular%3A400%3Anormal&#8221;][vc_tta_section i_icon_fontawesome=&#8221;far fa-comment-dots&#8221; add_icon=&#8221;true&#8221; title=&#8221;1. korak &#8211; Konzultacije&#8221; tab_id=&#8221;1531228939205-a7bed4e5-998590bf-7062&#8243;][vc_column_text]<\/p>\n<h5>Nakon inicijalnog kontakta, dogovaramo konzultacije na kojima se upoznajemo, prolazimo kroz va\u0161u sportsku pro\u0161lost, prija\u0161nja stanja\/ozljede, razgovaramo o va\u0161im \u017eeljenim ciljevima ali i trenutnim navikama (po pitanju fizi\u010dke aktivnosti, no i prehrane).<\/h5>\n<h5>Bitno je da osvijestimo kakva je trenutna realna situacija. Veliku ulogu u napretku imaju i: razina stresa, san, kvalitetna i raznovrsna prehrana. Kao certificirani nutricionist, rado \u0107u s Vama podijeliti smjernice o kvalitetnoj prehrani ili izraditi individualni plan prehrane.<\/h5>\n<p>[\/vc_column_text][\/vc_tta_section][vc_tta_section i_icon_fontawesome=&#8221;fas fa-tachometer-alt&#8221; add_icon=&#8221;true&#8221; title=&#8221;2. korak &#8211; Dijagnostika&#8221; tab_id=&#8221;1531229033265-cd8d509b-256990bf-7062&#8243;][vc_column_text]<\/p>\n<h5>Nakon inicijalnog razgovora, odra\u0111ujemo dijagnostiku na prvom treningu. Moje primarno podru\u010dje je rad s rekreativcima pa stoga, <span class=\"hascheck-corrected\" data-error-id=\"7\">ako smatram<\/span> da je stanje va\u0161eg tijela ozbiljnije, rado \u0107u vam preporu\u010diti kolege fizioterapeute koji \u0107e se najbolje znati fokusirati na va\u0161 oporavak.<\/h5>\n<h5>Nakon dijagnostike, antropometrijskog mjerenja te slikanja kre\u0107emo s radom! \ud83d\ude42<\/h5>\n<p>[\/vc_column_text][\/vc_tta_section][vc_tta_section i_icon_fontawesome=&#8221;fas fa-running&#8221; add_icon=&#8221;true&#8221; title=&#8221;3. korak &#8211; Trening!&#8221; tab_id=&#8221;1598853534049-0603f663-a82d&#8221;][vc_column_text]<\/p>\n<h5>Na prvom treningu <span class=\"hascheck-corrected\" data-error-id=\"9\">objasnit \u0107u<\/span> vam kako \u0107ete se pravilno zagrijati, razgibavati, mobilizirati te pripremiti za trening. <span class=\"hascheck-corrected\" data-error-id=\"3\">Ako je<\/span> bilo potrebno po onome \u0161to sam vidjela na dijagnostici, zadati \u0107u vam i nekoliko korektivnih vje\u017ebi.<\/h5>\n<h5>Sve <span class=\"hascheck-corrected\" data-error-id=\"0\">obja\u0161njeno<\/span> <span class=\"hascheck-corrected\" data-error-id=\"10\">radit \u0107ete<\/span> prije na\u0161ih treninga, kako bismo onda mi imali punih sat vremena za trening, bez gubitka na zagrijavanje i ostalo.<\/h5>\n<p>[\/vc_column_text][\/vc_tta_section][vc_tta_section i_icon_fontawesome=&#8221;fas fa-assistive-listening-systems&#8221; add_icon=&#8221;true&#8221; title=&#8221;4. korak &#8211; Prilagoba&#8221; tab_id=&#8221;1598853674995-a9dfb034-f075&#8243;][vc_column_text]<\/p>\n<h5>Na po\u010detku na\u0161e suradnje, provjeravamo i osnovne motori\u010dke sposobnosti kako bih pravilno napravila program po kojem \u0107emo raditi. Dobra stvar kod individualnog treninga je \u0161to je u potpunosti individualan pa <span class=\"hascheck-corrected\" data-error-id=\"5\">ako jedan<\/span> dan do\u0111ete na trening umorni ili &#8220;ne ba\u0161 svoji&#8221; &#8211; najmanji problem je raditi oko toga. Trening je ovdje da bi pogodovao vama, a ne vi njemu. Koliko god imamo program kojeg se moramo\u00a0dr\u017eati kako bismo napredovali po planu, isto tako se maksimalno trudim biti dijelom va\u0161e <span class=\"hascheck-corrected\" data-error-id=\"1\">svakodnevice<\/span> i shva\u0107am <span class=\"hascheck-stylistic\" data-error-id=\"6\">ukoliko nije<\/span> va\u0161 dan.<\/h5>\n<p>[\/vc_column_text][\/vc_tta_section][vc_tta_section i_icon_fontawesome=&#8221;fas fa-history&#8221; add_icon=&#8221;true&#8221; title=&#8221;5. korak &#8211; Trajanje suradnje&#8221; tab_id=&#8221;1598853748250-608aeaa4-b434&#8243;][vc_column_text]<\/p>\n<h5>\u0160to se dugoro\u010dnosti suradnje ti\u010de, meni osobno ne igra ulogu. <span class=\"hascheck-corrected\" data-error-id=\"2\">Ako \u017eelite<\/span> da pro\u0111emo detaljno sve osnove treniranja u teretani ili rada <span class=\"hascheck-corrected\" data-error-id=\"8\">s kettlebellima<\/span> &#8211; nema problema. <span class=\"hascheck-stylistic hascheck-stylistic-hovered hascheck-stylistic-hovered\" data-error-id=\"4\" data-hovered=\"true\">Ukoliko mo\u017eda<\/span> \u017eelite dugoro\u010dniju suradnju te izuzetnu tjelesnu promjenu &#8211; tako\u0111er sam tu za vas.<\/h5>\n<h5>U svakom slu\u010daju, izuzetno je bitno da osvijestite \u010dinjenicu da je pravilna i raznovrsna prehrana klju\u010d za napredak (uz dobro odra\u0111en trening, kvalitetan san i, po mogu\u0107nosti, \u017eivot bez stresa (znam, znam&#8230;). \ud83d\ude42<\/h5>\n<p>[\/vc_column_text][\/vc_tta_section][\/apress_accordion][\/vc_column][vc_column width=&#8221;1\/2&#8243;][apress_alternate_image image=&#8221;2308&#8243; image2=&#8221;2309&#8243;][\/vc_column][\/vc_row][vc_row][vc_column width=&#8221;1\/2&#8243; animation_type=&#8221;clipping&#8221; clipping_color=&#8221;#fe477b&#8221;][apress_gradient_icon_box description=&#8221;Provjerite dosada\u0161nja iskustva klijenata te njihove transformacije&#8221; icon_family=&#8221;fontawesome&#8221; icon_fontawesome=&#8221;fas fa-heart&#8221; style=&#8221;iconbox_style1&#8243; title_font_options=&#8221;tag:h2&#8243;]Transformacije klijenata[\/apress_gradient_icon_box][\/vc_column][vc_column width=&#8221;1\/2&#8243;][\/vc_column][\/vc_row][vc_row full_width=&#8221;stretch_row_content_no_spaces&#8221; equal_height=&#8221;yes&#8221; content_placement=&#8221;middle&#8221;][vc_column centered_text=&#8221;true&#8221; video_bg=&#8221;yes&#8221; video_bg_url=&#8221;https:\/\/rtl-video1.cdn.sysbee.net\/repository\/media\/c\/c\/cc2e97db08cce4b883440d06634f9212.mp4?ver=2&#8243; width=&#8221;1\/2&#8243; apress_parallax_type=&#8221;background&#8221; css=&#8221;.vc_custom_1598856029827{background-position: center !important;background-repeat: no-repeat !important;background-size: cover !important;}&#8221;][apress_lightbox lightbox_type=&#8221;video&#8221; link_style=&#8221;link_icon_with_text&#8221; button_icon_color=&#8221;#fe477b&#8221; lightbox_hover_effect=&#8221;&#8221; select_button_style=&#8221;video_icon_style3&#8243; videolink_font_options=&#8221;font_size:30|color:%23fe477b|line_height:40|letter_spacing:2|font_style_bold:1&#8243; link=&#8221;https:\/\/rtl-video1.cdn.sysbee.net\/repository\/media\/c\/c\/cc2e97db08cce4b883440d06634f9212.mp4?ver=2&#8243; link_text=&#8221;Gostovanje na RTL-u uz Damira Ked\u017eu&#8221;][\/vc_column][vc_column width=&#8221;1\/2&#8243; css=&#8221;.vc_custom_1540970981351{padding-top: 5% !important;padding-right: 5% !important;padding-bottom: 5% !important;padding-left: 5% !important;background-color: #f7f7f7 !important;}&#8221;][apress_heading sub_title=&#8221;INFO&#8221; content_alignment=&#8221;left&#8221; enable_delimiter=&#8221;&#8221; color_scheme=&#8221;design_your_own&#8221; main_heading_color=&#8221;#333333&#8243; style=&#8221;heading_style2&#8243; title_font_options=&#8221;tag:h2|font_size:35|line_height:45|letter_spacing:1|font_style_bold:1&#8243; subtitle_font_options=&#8221;tag:p|letter_spacing:2&#8243; heading_margin=&#8221;margin-top:10|margin-bottom:20&#8243; subheading_margin=&#8221;margin-top:20|margin-bottom:30&#8243;]Prijavi se za trening[\/apress_heading]\r\n<!--zolo calltoaction Row Start-->\r\n\r\n<div id=\"apress_contactform_1\" class=\"apress_contactform fullwidth_buttton noanimation\" data-animation =\"No Animation\" data-delay =\"500\"> \r\n\t\n<div class=\"wpcf7 no-js\" id=\"wpcf7-f4-o1\" lang=\"en-US\" dir=\"ltr\">\n<div class=\"screen-reader-response\"><p role=\"status\" aria-live=\"polite\" aria-atomic=\"true\"><\/p> <ul><\/ul><\/div>\n<form action=\"\/index.php\/wp-json\/wp\/v2\/pages\/1380#wpcf7-f4-o1\" method=\"post\" class=\"wpcf7-form init\" aria-label=\"Contact form\" novalidate=\"novalidate\" data-status=\"init\">\n<div style=\"display: none;\">\n<input type=\"hidden\" name=\"_wpcf7\" value=\"4\" \/>\n<input type=\"hidden\" name=\"_wpcf7_version\" value=\"5.8\" \/>\n<input type=\"hidden\" name=\"_wpcf7_locale\" value=\"en_US\" \/>\n<input type=\"hidden\" name=\"_wpcf7_unit_tag\" value=\"wpcf7-f4-o1\" \/>\n<input type=\"hidden\" name=\"_wpcf7_container_post\" value=\"0\" \/>\n<input type=\"hidden\" name=\"_wpcf7_posted_data_hash\" value=\"\" \/>\n<input type=\"hidden\" name=\"_wpcf7_recaptcha_response\" value=\"\" \/>\n<\/div>\n<ul class=\"contact_form input_bottom_border fullwidth_buttton\">\n\t<li>\n\t\t<p><span class=\"wpcf7-form-control-wrap\" data-name=\"your-name\"><input size=\"40\" class=\"wpcf7-form-control wpcf7-text wpcf7-validates-as-required\" aria-required=\"true\" aria-invalid=\"false\" placeholder=\"Va\u0161e ime\" value=\"\" type=\"text\" name=\"your-name\" \/><\/span>\n\t\t<\/p>\n\t<\/li>\n\t<li>\n\t\t<p><span class=\"wpcf7-form-control-wrap\" data-name=\"your-email\"><input size=\"40\" class=\"wpcf7-form-control wpcf7-email wpcf7-validates-as-required wpcf7-text wpcf7-validates-as-email\" aria-required=\"true\" aria-invalid=\"false\" placeholder=\"Va\u0161 Email\" value=\"\" type=\"email\" name=\"your-email\" \/><\/span>\n\t\t<\/p>\n\t<\/li>\n\t<li>\n\t\t<p><span class=\"wpcf7-form-control-wrap\" data-name=\"your-subject\"><input size=\"40\" class=\"wpcf7-form-control wpcf7-text\" aria-invalid=\"false\" placeholder=\"Naslov\" value=\"\" type=\"text\" name=\"your-subject\" \/><\/span>\n\t\t<\/p>\n\t<\/li>\n\t<li>\n\t\t<p><span class=\"wpcf7-form-control-wrap\" data-name=\"your-message\"><textarea cols=\"40\" rows=\"10\" class=\"wpcf7-form-control wpcf7-textarea\" aria-invalid=\"false\" placeholder=\"Va\u0161a Poruka\" name=\"your-message\"><\/textarea><\/span>\n\t\t<\/p>\n\t<\/li>\n\t<li>\n\t\t<p><input class=\"wpcf7-form-control wpcf7-submit has-spinner\" type=\"submit\" value=\"Po\u0161alji\" \/>\n\t\t<\/p>\n\t<\/li>\n<\/ul><p style=\"display: none !important;\" class=\"akismet-fields-container\" data-prefix=\"_wpcf7_ak_\"><label>&#916;<textarea name=\"_wpcf7_ak_hp_textarea\" cols=\"45\" rows=\"8\" maxlength=\"100\"><\/textarea><\/label><input type=\"hidden\" id=\"ak_js_1\" name=\"_wpcf7_ak_js\" value=\"27\"\/><script>document.getElementById( \"ak_js_1\" ).setAttribute( \"value\", ( new Date() ).getTime() );<\/script><\/p><div class=\"wpcf7-response-output\" aria-hidden=\"true\"><\/div>\n<\/form>\n<\/div>\n \r\n<\/div>\r\n[\/vc_column][\/vc_row][vc_row full_width=&#8221;stretch_row&#8221; equal_height=&#8221;yes&#8221; content_placement=&#8221;middle&#8221; parallax=&#8221;content-moving&#8221; parallax_image=&#8221;297&#8243; apress_enable_row_overlay=&#8221;yes&#8221; apress_row_overlay_color=&#8221;rgba(2,2,2,0.7)&#8221; css=&#8221;.vc_custom_1598855796463{padding-top: 100px !important;padding-bottom: 100px !important;background-image: url(http:\/\/marina-lifts.com\/wp-content\/uploads\/2019\/08\/SMANJENO-3-1.jpg?id=2002) !important;background-position: center;background-repeat: no-repeat !important;background-size: cover !important;}&#8221;][vc_column centered_text=&#8221;true&#8221;][vc_row_inner][vc_column_inner width=&#8221;1\/3&#8243;]\r\n<!--Image Box Start-->\r\n<div id=\"zolo_imagebox_new_5193798369e02367e0d52\" class=\"zolo_imagebox_new_wrapper new_imagebox_style4 noanimation\" data-animation =\"No Animation\" data-delay =\"500\">\r\n    <div class=\"zolo_imagebox_new_box\">\r\n        <div class=\"zolo_imagebox_new_content\">\r\n            <div class=\"zolo_imagebox_new_title_des\">\r\n        <h3 class=\"entry-title zolo_imagebox_new_title\" style=\"color:#333333; font-weight:bold; \">        Individualno programiranje <\/h3>                <span class=\"zolo_imagebox_description\" style=\"color:#757575; \">        Svatko od nas zasebna je pri\u010da - pa tako svatko od mojih klijenata ima zaseban ciklusni program koji je prilago\u0111en ozljedama, \u017eivotnim navikama, ciljevima i ostalom. <\/span>              <\/div>\r\n    <\/div>\r\n          <\/div>\r\n  <\/div>\r\n<!--Image Box End-->\r\n\r\n<div class=\"ult-spacer spacer-69e02367e11b1\" data-id=\"69e02367e11b1\" data-height=\"50\" data-height-mobile=\"50\" data-height-tab=\"50\" data-height-tab-portrait=\"\" data-height-mobile-landscape=\"\" style=\"clear:both;display:block;\"><\/div>[\/vc_column_inner][vc_column_inner width=&#8221;1\/3&#8243;]\r\n<!--Image Box Start-->\r\n<div id=\"zolo_imagebox_new_120527343169e02367e11d8\" class=\"zolo_imagebox_new_wrapper new_imagebox_style4 noanimation\" data-animation =\"No Animation\" data-delay =\"500\">\r\n    <div class=\"zolo_imagebox_new_box\">\r\n        <div class=\"zolo_imagebox_new_content\">\r\n            <div class=\"zolo_imagebox_new_title_des\">\r\n        <h3 class=\"entry-title zolo_imagebox_new_title\" style=\"color:#333333; font-weight:bold; \">        Pra\u0107enje napretka <\/h3>                <span class=\"zolo_imagebox_description\" style=\"color:#757575; \">        Uz antropometrijsko mjerenje tijela, klijenti su slikani svakih 2-4 tjedna kako bismo adekvatno mjerili napredak (ili izostanak istog, ima i toga). <\/span>              <\/div>\r\n    <\/div>\r\n          <\/div>\r\n  <\/div>\r\n<!--Image Box End-->\r\n\r\n<div class=\"ult-spacer spacer-69e02367e1514\" data-id=\"69e02367e1514\" data-height=\"50\" data-height-mobile=\"50\" data-height-tab=\"50\" data-height-tab-portrait=\"\" data-height-mobile-landscape=\"\" style=\"clear:both;display:block;\"><\/div>[\/vc_column_inner][vc_column_inner width=&#8221;1\/3&#8243;]\r\n<!--Image Box Start-->\r\n<div id=\"zolo_imagebox_new_114393384069e02367e153b\" class=\"zolo_imagebox_new_wrapper new_imagebox_style4 noanimation\" data-animation =\"No Animation\" data-delay =\"500\">\r\n    <div class=\"zolo_imagebox_new_box\">\r\n        <div class=\"zolo_imagebox_new_content\">\r\n            <div class=\"zolo_imagebox_new_title_des\">\r\n        <h3 class=\"entry-title zolo_imagebox_new_title\" style=\"color:#333333; font-weight:bold; \">        Edukacija <\/h3>                <span class=\"zolo_imagebox_description\" style=\"color:#757575; \">        Za vrijeme individualno treninga radimo, i to mnogo. No, ne propu\u0161tam priliku educirati vas o pravilnoj prehrani, vje\u017ebama koje mo\u017eete odraditi doma i sl. - u vrijeme odmora izme\u0111u serija. Svo vrijeme mo\u017eemo kvalitetno iskoristiti! \ud83d\ude42 <\/span>              <\/div>\r\n    <\/div>\r\n          <\/div>\r\n  <\/div>\r\n<!--Image Box End-->\r\n\r\n<div class=\"ult-spacer spacer-69e02367e1954\" data-id=\"69e02367e1954\" data-height=\"50\" data-height-mobile=\"50\" data-height-tab=\"50\" data-height-tab-portrait=\"\" data-height-mobile-landscape=\"\" style=\"clear:both;display:block;\"><\/div>[\/vc_column_inner][\/vc_row_inner][apress_heading sub_title=&#8221;&#8221; enable_delimiter=&#8221;&#8221; color_scheme=&#8221;design_your_own&#8221; main_heading_color=&#8221;#ffffff&#8221; style=&#8221;heading_style1&#8243; title_font_options=&#8221;tag:h2|font_size:35|line_height:45|letter_spacing:1|font_style_bold:1&#8243; subtitle_font_options=&#8221;tag:div|color:%23ffffff&#8221; heading_margin=&#8221;margin-bottom:20&#8243; subheading_margin=&#8221;margin-bottom:30&#8243;]Individualni trening dostupan je na nekoliko lokacija u Rijeci.[\/apress_heading]<div class=\"ult-spacer spacer-69e02367e1965\" data-id=\"69e02367e1965\" data-height=\"50\" data-height-mobile=\"50\" data-height-tab=\"50\" data-height-tab-portrait=\"50\" data-height-mobile-landscape=\"50\" style=\"clear:both;display:block;\"><\/div>[vc_row_inner][vc_column_inner width=&#8221;1\/4&#8243;][\/vc_column_inner][vc_column_inner width=&#8221;1\/2&#8243;][apress_button button_text=&#8221;Pogledajte cjenik&#8221; color_scheme=&#8221;design_your_own&#8221; button_bg_color=&#8221;rgba(82,149,234,0.01)&#8221; button_bg_color_h=&#8221;#fe477b&#8221; button_border_color=&#8221;#ffffff&#8221; button_border_color_h=&#8221;#ffffff&#8221; button_hover_style=&#8221;hoverstyle4&#8243; button_size=&#8221;medium&#8221; button_shape=&#8221;rounded&#8221; button_font_options=&#8221;letter_spacing:2&#8243;][\/vc_column_inner][vc_column_inner width=&#8221;1\/4&#8243;][\/vc_column_inner][\/vc_row_inner][\/vc_column][\/vc_row]<\/p>\n","protected":false},"excerpt":{"rendered":"<p>[vc_row css=&#8221;.vc_custom_1540971945365{padding-top: 20px !important;padding-bottom: 50px !important;}&#8221;][vc_column][apress_heading sub_title=&#8221;ZA\u0160TO ODABRATI&#8221; enable_delimiter=&#8221;&#8221; color_scheme=&#8221;design_your_own&#8221; main_heading_color=&#8221;#333333&#8243; style=&#8221;heading_style2&#8243; heading_margin=&#8221;margin-top:20|margin-bottom:20&#8243; title_font_options=&#8221;tag:h2|font_size:35|line_height:45|letter_spacing:1|font_style_bold:1&#8243; subtitle_font_options=&#8221;tag:p|letter_spacing:2&#8243; title_responsive=&#8221;font_size_tablet:40|line_height_tablet:50|letter_spacing_tablet:1|font_size_mobile:30|line_height_mobile:40|letter_spacing_mobile:1&#8243;]Individualni trening[\/apress_heading][\/vc_column][\/vc_row][vc_row css=&#8221;.vc_custom_1540971963197{padding-bottom: 50px !important;}&#8221;][vc_column][apress_heading sub_title=&#8221;&#8221; enable_delimiter=&#8221;&#8221; color_scheme=&#8221;design_your_own&#8221; main_heading_color=&#8221;#333333&#8243; style=&#8221;heading_style6&#8243; heading_margin=&#8221;margin-top:30|margin-bottom:30&#8243; title_font_options=&#8221;tag:h2|letter_spacing:1|font_style_bold:1&#8243; subtitle_font_options=&#8221;tag:div|letter_spacing:2&#8243;]Ne ka\u017ee se bez razloga kako je individualan trening najbolji vid treninga![\/apress_heading][apress_text_link_box readmore_text=&#8221;&#8221;&hellip;<\/p>\n","protected":false},"author":1,"featured_media":0,"parent":0,"menu_order":0,"comment_status":"closed","ping_status":"closed","template":"","meta":{"footnotes":""},"class_list":["post-1380","page","type-page","status-publish","hentry"],"_links":{"self":[{"href":"https:\/\/marina-lifts.com\/index.php\/wp-json\/wp\/v2\/pages\/1380","targetHints":{"allow":["GET"]}}],"collection":[{"href":"https:\/\/marina-lifts.com\/index.php\/wp-json\/wp\/v2\/pages"}],"about":[{"href":"https:\/\/marina-lifts.com\/index.php\/wp-json\/wp\/v2\/types\/page"}],"author":[{"embeddable":true,"href":"https:\/\/marina-lifts.com\/index.php\/wp-json\/wp\/v2\/users\/1"}],"replies":[{"embeddable":true,"href":"https:\/\/marina-lifts.com\/index.php\/wp-json\/wp\/v2\/comments?post=1380"}],"version-history":[{"count":27,"href":"https:\/\/marina-lifts.com\/index.php\/wp-json\/wp\/v2\/pages\/1380\/revisions"}],"predecessor-version":[{"id":2398,"href":"https:\/\/marina-lifts.com\/index.php\/wp-json\/wp\/v2\/pages\/1380\/revisions\/2398"}],"wp:attachment":[{"href":"https:\/\/marina-lifts.com\/index.php\/wp-json\/wp\/v2\/media?parent=1380"}],"curies":[{"name":"wp","href":"https:\/\/api.w.org\/{rel}","templated":true}]}}