{"id":1378,"date":"2018-08-21T05:42:28","date_gmt":"2018-08-21T05:42:28","guid":{"rendered":"http:\/\/apressthemes.com\/apress\/demo79\/?page_id=1378"},"modified":"2022-01-26T20:42:03","modified_gmt":"2022-01-26T19:42:03","slug":"grupnitrening","status":"publish","type":"page","link":"https:\/\/marina-lifts.com\/index.php\/grupnitrening\/","title":{"rendered":"Funkcionalni Grupni Trening"},"content":{"rendered":"<p>[vc_row css=&#8221;.vc_custom_1540911687427{padding-top: 50px !important;padding-bottom: 50px !important;}&#8221;][vc_column][vc_hoverbox image=&#8221;2158&#8243; primary_title=&#8221;Funkcionalni Grupni Trening&#8221; primary_title_font_container=&#8221;color:%23ffffff&#8221; primary_title_use_theme_fonts=&#8221;yes&#8221; hover_title=&#8221;Grupni Funkcionalni Trening&#8221; use_custom_fonts_primary_title=&#8221;true&#8221;]Grupni treninzi funkcionalnog tipa (max 15 vje\u017eba\u010da) odr\u017eavaju se PON\/SRI\/PET u 9.35 i 19h.[\/vc_hoverbox]<div class=\"ult-spacer spacer-69e021bc113de\" data-id=\"69e021bc113de\" data-height=\"50\" data-height-mobile=\"50\" data-height-tab=\"50\" data-height-tab-portrait=\"\" data-height-mobile-landscape=\"\" style=\"clear:both;display:block;\"><\/div>[apress_text_link_box readmore_text=&#8221;&#8221; title_font_options=&#8221;tag:h2&#8243;]<\/p>\n<h5>Cross body functional je vrsta treninga u kojem se izvodi \u0161iroki spektar prirodnih funkcionalnih pokreta, razli\u010ditih vje\u017ebi vlastitom te\u017einom tijela ili sa\u00a0raznim rekvizitima (girjama, medicinkama, pliometrijskim kutijama, elasti\u010dnim gumama i sl.) u \u0161to kra\u0107em vremenskom periodu, \u0161to podrazumijeva visoko optere\u0107enje.\u00a0Ovom vrstom treninga\u00a0podi\u017eete sve aspekte motori\u010dkih sposobnosti.<\/h5>\n<p>[\/apress_text_link_box][vc_row_inner][vc_column_inner width=&#8221;1\/3&#8243;]\r\n<!--Image Box Start-->\r\n<div id=\"zolo_imagebox_new_61998813269e021bc1141d\" class=\"zolo_imagebox_new_wrapper new_imagebox_style4 noanimation\" data-animation =\"No Animation\" data-delay =\"500\">\r\n    <a title=\"Osvojena dva 1. mjesta u sportskoj kategoriji!\" href=\"https:\/\/riportal.net.hr\/foto-fittest-in-rijeka-2019-ovo-su-fizicki-najspremnije-rijecanke-i-rijecani\/\" target=\"_blank\" rel=\"\">\r\n    <div class=\"zolo_imagebox_new_box\">\r\n        <div class=\"zolo_thumbnail\" style=\"background:url(https:\/\/marina-lifts.com\/wp-content\/uploads\/2020\/08\/fittest3-2019-1052x526-1.jpg) no-repeat center center; -moz-background-size:cover;-webkit-background-size:cover;-o-background-size:cover;-ms-background-size:cover;background-size:cover; height:250px;\"><\/div>\r\n        <div class=\"zolo_imagebox_new_content\">\r\n            <div class=\"zolo_imagebox_new_title_des\">\r\n        <h3 class=\"entry-title zolo_imagebox_new_title\" style=\"color:#333333; font-weight:bold; \">        Stru\u010dno vodstvo <\/h3>                <span class=\"zolo_imagebox_description\" style=\"color:#757575; \">        Grupni treninzi pod mojim vodstvom zapo\u010deli su u o\u017eujku 2016. godine. Ponosim se i uspje\u0161no odra\u0111enim natjecanjima sa duplim zlatnom na Fittest in Rijeka natjecanju! <\/span>              <\/div>\r\n    <\/div>\r\n          <\/div>\r\n    <\/a>\r\n  <\/div>\r\n<!--Image Box End-->\r\n\r\n<div class=\"ult-spacer spacer-69e021bc118e3\" data-id=\"69e021bc118e3\" data-height=\"50\" data-height-mobile=\"50\" data-height-tab=\"50\" data-height-tab-portrait=\"\" data-height-mobile-landscape=\"\" style=\"clear:both;display:block;\"><\/div>[\/vc_column_inner][vc_column_inner width=&#8221;1\/3&#8243;]\r\n<!--Image Box Start-->\r\n<div id=\"zolo_imagebox_new_49546502069e021bc1190a\" class=\"zolo_imagebox_new_wrapper new_imagebox_style4 noanimation\" data-animation =\"No Animation\" data-delay =\"500\">\r\n    <div class=\"zolo_imagebox_new_box\">\r\n        <div class=\"zolo_thumbnail\" style=\"background:url(https:\/\/marina-lifts.com\/wp-content\/uploads\/2022\/01\/legacy_pt2-149-scaled.jpg) no-repeat center center; -moz-background-size:cover;-webkit-background-size:cover;-o-background-size:cover;-ms-background-size:cover;background-size:cover; height:250px;\"><\/div>\r\n        <div class=\"zolo_imagebox_new_content\">\r\n            <div class=\"zolo_imagebox_new_title_des\">\r\n        <h3 class=\"entry-title zolo_imagebox_new_title\" style=\"color:#333333; font-weight:bold; \">        Prostrana dvorana <\/h3>                <span class=\"zolo_imagebox_description\" style=\"color:#757575; \">        Treninzi funkcionalnog tipa odr\u017eavaju se u novoj i prostranoj dvorani Legacy Gym-a Rijeka svaki PON, SRI i PET u 20h. <\/span>              <\/div>\r\n    <\/div>\r\n          <\/div>\r\n  <\/div>\r\n<!--Image Box End-->\r\n\r\n<div class=\"ult-spacer spacer-69e021bc11cb7\" data-id=\"69e021bc11cb7\" data-height=\"50\" data-height-mobile=\"50\" data-height-tab=\"50\" data-height-tab-portrait=\"\" data-height-mobile-landscape=\"\" style=\"clear:both;display:block;\"><\/div>[\/vc_column_inner][vc_column_inner width=&#8221;1\/3&#8243;]\r\n<!--Image Box Start-->\r\n<div id=\"zolo_imagebox_new_107226908169e021bc11cdd\" class=\"zolo_imagebox_new_wrapper new_imagebox_style4 noanimation\" data-animation =\"No Animation\" data-delay =\"500\">\r\n    <a title=\"\" href=\"#\" target=\"_self\" rel=\"\">\r\n    <div class=\"zolo_imagebox_new_box\">\r\n        <div class=\"zolo_thumbnail\" style=\"background:url(https:\/\/marina-lifts.com\/wp-content\/uploads\/2022\/01\/legacy.png) no-repeat center center; -moz-background-size:cover;-webkit-background-size:cover;-o-background-size:cover;-ms-background-size:cover;background-size:cover; height:250px;\"><\/div>\r\n        <div class=\"zolo_imagebox_new_content\">\r\n            <div class=\"zolo_imagebox_new_title_des\">\r\n        <h3 class=\"entry-title zolo_imagebox_new_title\" style=\"color:#333333; font-weight:bold; \">        Besplatno kori\u0161tenje teretane <\/h3>                <span class=\"zolo_imagebox_description\" style=\"color:#757575; \">        Svi polaznici grupnih programa imaju pravo kori\u0161tenja teretane LegacyGym u bilo koje vrijeme, u regularno doba rada teretane. <\/span>              <\/div>\r\n    <\/div>\r\n          <\/div>\r\n    <\/a>\r\n  <\/div>\r\n<!--Image Box End-->\r\n\r\n<div class=\"ult-spacer spacer-69e021bc120c3\" data-id=\"69e021bc120c3\" data-height=\"50\" data-height-mobile=\"50\" data-height-tab=\"50\" data-height-tab-portrait=\"\" data-height-mobile-landscape=\"\" style=\"clear:both;display:block;\"><\/div>[\/vc_column_inner][\/vc_row_inner][apress_text_link_box readmore_text=&#8221;&#8221; title_font_options=&#8221;tag:h2&#8243;]<\/p>\n<h5>Koriste\u0107i ovaj pristup treniranja Va\u0161e tijelo biti \u0107e spremnije na svakodnevne izazove, sna\u017enije i \u010dvr\u0161\u0107e, a svima\u00a0koji \u017eele svoje sposobnosti usporediti s drugima, omogu\u0107iti \u0107e formu dostatnu za sudjelovanje na natjecanjima u funkcionalnom fitnessu.<\/h5>\n<p>[\/apress_text_link_box]\r\n<!--Image Box Start-->\r\n<div id=\"zolo_imagebox_new_51188616069e021bc120e7\" class=\"zolo_imagebox_new_wrapper new_imagebox_style1 noanimation\" data-animation =\"No Animation\" data-delay =\"500\">\r\n    <div class=\"zolo_imagebox_new_box\">\r\n        <div class=\"img_thumbnail\"><img decoding=\"async\" src=\"https:\/\/marina-lifts.com\/wp-content\/uploads\/2020\/03\/natj-smanjeno-scaled.jpg\"\/><\/div>\r\n        <div class=\"zolo_imagebox_new_content\">\r\n            <span class=\"zolo_imagebox_featuredtext\" style=\"color:#ffffff; \"> Dio skupine <\/span>            <div class=\"zolo_imagebox_new_title_des\">\r\n        <h2 class=\"entry-title zolo_imagebox_new_title\" style=\"color:#ffffff; \">        Fittest In Rijeka 2019 natjecanje <\/h2>                <span class=\"zolo_imagebox_description\" style=\"color:#ffffff; \">        Osvojena su 2 zlatna postolja, u mu\u0161koj i \u017eenskoj sport kategoriji! <\/span>              <\/div>\r\n    <\/div>\r\n          <\/div>\r\n  <\/div>\r\n<!--Image Box End-->\r\n\r\n[apress_text_link_box readmore_text=&#8221;&#8221; title_font_options=&#8221;tag:h2&#8243;]<\/p>\n<h5>Kroz treninge promjenjivog\u00a0intenziteta (prilago\u0111eno grupama) u odli\u010dnoj atmosferi i dobroj ekipi, va\u0161e tijelo napredovati \u0107e do razine koju sami odredite.<\/h5>\n<h5>Ukoliko se odlu\u010dite na probijanje vlastitih granica, imate moju pozornost, no i ukoliko \u017eelite kvalitetnu rekreaciju s ciljem \u010dvrstog i sna\u017enog tijela, ovo je grupni trening za vas.<\/h5>\n<h5>Uz funkcionalni fitness kori\u0161tenjem svoga tijela i dodatnog tereta, napredovati \u0107ete i biti pod konstantnim nadzorom. Svakih 6 mjeseci provodim provjere forme u obliku kratkih testova.<\/h5>\n<h5>Metode treninga se kontinuirano izmjenjuju, te \u0107e se provoditi treninzi u obliku\u00a0<a href=\"http:\/\/fitness.bluegym.hr\/tabata-protokol-igra-za-cvrste\/\" target=\"_blank\" rel=\"noopener noreferrer\">tabate<\/a>,\u00a0<a href=\"http:\/\/fitness.bluegym.hr\/amrap-12-30-double-unders-15-power-snatches\/\" target=\"_blank\" rel=\"noopener noreferrer\">AMRAP<\/a>\u00a0(as many rounds as possible \u2013 do otkaza), na vrijeme, te u partnerstvu sa drugim vje\u017eba\u010dima.<\/h5>\n<h5>U svakom slu\u010daju, ukoliko vas zanima \u0161to mo\u017eete o\u010dekivati, kako izgledaju treninzi ili sli\u010dno, mo\u017eete me kontaktirati putem <a href=\"http:\/\/marina-lifts.com\/index.php\/contact-us-2\/\">obrasca na web stranici<\/a>.<\/h5>\n<p>[\/apress_text_link_box][vc_row_inner][vc_column_inner width=&#8221;1\/4&#8243;][apress_gradient_icon_box description=&#8221;Nije bitno imate li prethodno znanje u sportu ili suprotno tome &#8211; mislite da &#8220;niste u kondiciji&#8220;.&#8221; icon_family=&#8221;fontawesome&#8221; icon_fontawesome=&#8221;fas fa-graduation-cap&#8221; style=&#8221;iconbox_style7&#8243; title_font_options=&#8221;tag:h2&#8243;]Predznanje[\/apress_gradient_icon_box]<div class=\"ult-spacer spacer-69e021bc1246c\" data-id=\"69e021bc1246c\" data-height=\"50\" data-height-mobile=\"50\" data-height-tab=\"50\" data-height-tab-portrait=\"\" data-height-mobile-landscape=\"\" style=\"clear:both;display:block;\"><\/div>[\/vc_column_inner][vc_column_inner width=&#8221;1\/4&#8243;][apress_gradient_icon_box description=&#8221;Ukoliko imate ve\u0107ih zdravstvenih problema, poput diskus hernija, trnjenja, te\u017eih ozljeda koljena, svakako mi se javite privatno kako bih mogla procijeniti je li ovaj tip treninga za vas.&#8221; icon_family=&#8221;fontawesome&#8221; icon_fontawesome=&#8221;fas fa-ambulance&#8221; style=&#8221;iconbox_style7&#8243; title_font_options=&#8221;tag:h2&#8243;]Ozljede[\/apress_gradient_icon_box]<div class=\"ult-spacer spacer-69e021bc1247e\" data-id=\"69e021bc1247e\" data-height=\"50\" data-height-mobile=\"50\" data-height-tab=\"50\" data-height-tab-portrait=\"\" data-height-mobile-landscape=\"\" style=\"clear:both;display:block;\"><\/div>[\/vc_column_inner][vc_column_inner width=&#8221;1\/4&#8243;][apress_gradient_icon_box description=&#8221;Bez straha! Svatko je imao svoj po\u010detak. Moji treninzi su mjesto gdje nema predrasuda ili o\u010dekivanja &#8211; a i nemate vremena za razmi\u0161ljanje kad krene trening! :)&#8221; icon_family=&#8221;fontawesome&#8221; icon_fontawesome=&#8221;fas fa-feather&#8221; style=&#8221;iconbox_style7&#8243; title_font_options=&#8221;tag:h2&#8243;]Strah od nepoznatoga[\/apress_gradient_icon_box]<div class=\"ult-spacer spacer-69e021bc1248b\" data-id=\"69e021bc1248b\" data-height=\"50\" data-height-mobile=\"50\" data-height-tab=\"50\" data-height-tab-portrait=\"\" data-height-mobile-landscape=\"\" style=\"clear:both;display:block;\"><\/div>[\/vc_column_inner][vc_column_inner width=&#8221;1\/4&#8243;][apress_gradient_icon_box description=&#8221;Grupni treninzi dio su ponude Legacy Gym &#038; Lifestyle centra, stoga provjerite njihov aktualni cjenik. Najvi\u0161a cijena (neograni\u010deno kori\u0161tenje teretane u bilo koje vrijeme) iznosi 290kn.&#8221; icon_family=&#8221;fontawesome&#8221; icon_fontawesome=&#8221;fas fa-money-bill-alt&#8221; style=&#8221;iconbox_style7&#8243; box_link=&#8221;url:https%3A%2F%2Fwww.facebook.com%2FLegacyGymLifestyle|title:Cjenik%20Legacy%20Gym&#8221; title_font_options=&#8221;tag:h2&#8243;]Cijena[\/apress_gradient_icon_box]<div class=\"ult-spacer spacer-69e021bc12497\" data-id=\"69e021bc12497\" data-height=\"50\" data-height-mobile=\"50\" data-height-tab=\"50\" data-height-tab-portrait=\"\" data-height-mobile-landscape=\"\" style=\"clear:both;display:block;\"><\/div>[\/vc_column_inner][\/vc_row_inner][\/vc_column][\/vc_row][vc_row bg_type=&#8221;bg_color&#8221; bg_override=&#8221;ex-full&#8221; enable_overlay=&#8221;enable_overlay_value&#8221; overlay_color=&#8221;#fe477b&#8221; bg_color_value=&#8221;#fe477b&#8221;][vc_column][vc_empty_space height=&#8221;50px&#8221;][vc_row_inner gap=&#8221;30&#8243;][vc_column_inner width=&#8221;1\/2&#8243;][apress_heading sub_title=&#8221;&#8221; content_alignment=&#8221;left&#8221; data_animation=&#8221;fadeInUp&#8221; data_delay=&#8221;300&#8243; enable_delimiter=&#8221;&#8221; color_scheme=&#8221;design_your_own&#8221; main_heading_color=&#8221;#ffffff&#8221; style=&#8221;heading_style2&#8243; title_font_options=&#8221;tag:h1|font_size:70|line_height:80|letter_spacing:1&#8243; subtitle_font_options=&#8221;tag:div|color:%23ffffff|letter_spacing:1&#8243; heading_margin=&#8221;margin-top:20&#8243; title_responsive=&#8221;font_size_tablet:50|line_height_tablet:60|letter_spacing_tablet:1|font_size_mobile:35|line_height_mobile:45|letter_spacing_mobile:1&#8243;]Prija\u0161nja iskustva vje\u017eba\u010da:[\/apress_heading][vc_empty_space height=&#8221;30px&#8221;][\/vc_column_inner][vc_column_inner width=&#8221;1\/2&#8243;][vc_empty_space height=&#8221;30px&#8221;][apress_testimonial_slider desktop_no_of_items=&#8221;1&#8243; tablet_no_of_items=&#8221;1&#8243; mobile_no_of_items=&#8221;1&#8243; testimonialalignment=&#8221;left&#8221; testimonialimgborradi=&#8221;6&#8243; testimonialnamefontcolor=&#8221;#ffffff&#8221; testimonialfontsize=&#8221;20&#8243; testimoniallineheight=&#8221;30&#8243; description_google_fonts=&#8221;yes&#8221; testimonialfontcolor=&#8221;#ffffff&#8221; testimonialimgborcolor=&#8221;#ffffff&#8221; testimonialstyle=&#8221;testimonials_style1&#8243; description_custom_fonts=&#8221;font_family:Open%20Sans%3A300%2C300italic%2Cregular%2Citalic%2C600%2C600italic%2C700%2C700italic%2C800%2C800italic|font_style:300%20light%20regular%3A300%3Anormal&#8221;][\/vc_column_inner][\/vc_row_inner][vc_empty_space height=&#8221;100px&#8221;][\/vc_column][\/vc_row][vc_row css=&#8221;.vc_custom_1540965688039{padding-top: 50px !important;padding-bottom: 60px !important;}&#8221;][vc_column][apress_heading sub_title=&#8221;PRVI TRENING&#8221; enable_delimiter=&#8221;&#8221; color_scheme=&#8221;design_your_own&#8221; main_heading_color=&#8221;#333333&#8243; style=&#8221;heading_style6&#8243; title_font_options=&#8221;tag:h2|font_size:35|line_height:45|letter_spacing:1|font_style_bold:1&#8243; subtitle_font_options=&#8221;tag:div|letter_spacing:2&#8243; heading_margin=&#8221;margin-bottom:50&#8243; subheading_margin=&#8221;margin-top:20|margin-bottom:20&#8243;]Kako se prijaviti na besplatan prvi trening?[\/apress_heading][vc_row_inner][vc_column_inner width=&#8221;1\/3&#8243;][apress_process title=&#8221;POJAVI SE&#8221; content_alignment=&#8221;left&#8221; data_animation=&#8221;fadeInUp&#8221; data_delay=&#8221;300&#8243; style=&#8221;process_style3&#8243; title_font_options=&#8221;tag:h3|font_style_bold:1&#8243; step_font_options=&#8221;tag:h1|font_size:100|color:%23f1f1f1|line_height:100&#8243; content_font_options=&#8221;tag:div&#8221;]Prvi trening je ovdje kako bi se zainteresirao\/la za trening. Cilj nije nemogu\u0107nost kretanja sljede\u0107a 3 dana.[\/apress_process]<div class=\"ult-spacer spacer-69e021bc124a3\" data-id=\"69e021bc124a3\" data-height=\"50\" data-height-mobile=\"50\" data-height-tab=\"50\" data-height-tab-portrait=\"\" data-height-mobile-landscape=\"\" style=\"clear:both;display:block;\"><\/div>[\/vc_column_inner][vc_column_inner width=&#8221;1\/3&#8243;][apress_process title=&#8221;TRENIRAJ&#8221; process_step=&#8221;02&#8243; content_alignment=&#8221;left&#8221; data_animation=&#8221;fadeInUp&#8221; data_delay=&#8221;600&#8243; style=&#8221;process_style3&#8243; title_font_options=&#8221;tag:h3|font_style_bold:1&#8243; step_font_options=&#8221;tag:h1|font_size:100|color:%23f1f1f1|line_height:100&#8243; content_font_options=&#8221;tag:div&#8221;]Nakon inicijalnog razgovora na po\u010detku treninga, prolasku kroz povijest fizi\u010dke aktivnosti i ozljeda, trening zapo\u010dinjemo kroz nekoliko pokreta kroz koje \u0107u uvidjeti trenutno stanje motori\u010dkih sposobnosti.[\/apress_process]<div class=\"ult-spacer spacer-69e021bc124ac\" data-id=\"69e021bc124ac\" data-height=\"50\" data-height-mobile=\"50\" data-height-tab=\"50\" data-height-tab-portrait=\"\" data-height-mobile-landscape=\"\" style=\"clear:both;display:block;\"><\/div>[\/vc_column_inner][vc_column_inner width=&#8221;1\/3&#8243;][apress_process title=&#8221;ODMORI SE&#8221; process_step=&#8221;03&#8243; content_alignment=&#8221;left&#8221; data_animation=&#8221;fadeInUp&#8221; data_delay=&#8221;900&#8243; style=&#8221;process_style3&#8243; title_font_options=&#8221;tag:h3|font_style_bold:1&#8243; step_font_options=&#8221;tag:h1|font_size:100|color:%23f1f1f1|line_height:100&#8243; content_font_options=&#8221;tag:div&#8221;]Prvi trening je pro\u0161ao a na tebi je da se odmori\u0161, naspava\u0161, kvalitetno hrani\u0161 kroz sljede\u0107i dan i sve ostale tjedne (mjesece, godine&#8230;) nakon. :)[\/apress_process]<div class=\"ult-spacer spacer-69e021bc124b5\" data-id=\"69e021bc124b5\" data-height=\"50\" data-height-mobile=\"50\" data-height-tab=\"50\" data-height-tab-portrait=\"\" data-height-mobile-landscape=\"\" style=\"clear:both;display:block;\"><\/div>[\/vc_column_inner][\/vc_row_inner][\/vc_column][\/vc_row][vc_row][vc_column]<div class=\"ult-spacer spacer-69e021bc124be\" data-id=\"69e021bc124be\" data-height=\"10\" data-height-mobile=\"10\" data-height-tab=\"10\" data-height-tab-portrait=\"\" data-height-mobile-landscape=\"\" style=\"clear:both;display:block;\"><\/div>[\/vc_column][\/vc_row][vc_row][vc_column]\r\n<!--Image Box Start-->\r\n<div id=\"zolo_imagebox_new_97599228869e021bc124d9\" class=\"zolo_imagebox_new_wrapper new_imagebox_style1 noanimation\" data-animation =\"No Animation\" data-delay =\"500\">\r\n    <div class=\"zolo_imagebox_new_box\">\r\n        <div class=\"img_thumbnail\"><img decoding=\"async\" src=\"https:\/\/marina-lifts.com\/wp-content\/uploads\/2022\/01\/legacy_pt2-136-scaled.jpg\"\/><\/div>\r\n        <div class=\"zolo_imagebox_new_content\">\r\n            <div class=\"zolo_imagebox_new_title_des\">\r\n        <h2 class=\"entry-title zolo_imagebox_new_title\" style=\"color:#ffffff; \">        Individualni pristup i u grupi! <\/h2>                <span class=\"zolo_imagebox_description\" style=\"color:#ffffff; \">        Iako se radi o grupnom treningu, svaki novi vje\u017eba\u010d samnom \u0107e pro\u0107i kratki pregled svoje sportske pro\u0161losti i\/ili ozljeda i bolova. <\/span>              <\/div>\r\n    <\/div>\r\n          <\/div>\r\n  <\/div>\r\n<!--Image Box End-->\r\n\r\n[\/vc_column][\/vc_row]<\/p>\n","protected":false},"excerpt":{"rendered":"<p>[vc_row css=&#8221;.vc_custom_1540911687427{padding-top: 50px !important;padding-bottom: 50px !important;}&#8221;][vc_column][vc_hoverbox image=&#8221;2158&#8243; primary_title=&#8221;Funkcionalni Grupni Trening&#8221; primary_title_font_container=&#8221;color:%23ffffff&#8221; primary_title_use_theme_fonts=&#8221;yes&#8221; hover_title=&#8221;Grupni Funkcionalni Trening&#8221; use_custom_fonts_primary_title=&#8221;true&#8221;]Grupni treninzi funkcionalnog tipa (max 15 vje\u017eba\u010da) odr\u017eavaju se PON\/SRI\/PET u 9.35 i 19h.[\/vc_hoverbox][apress_text_link_box readmore_text=&#8221;&#8221; title_font_options=&#8221;tag:h2&#8243;] Cross body functional je vrsta treninga u kojem se&hellip;<\/p>\n","protected":false},"author":1,"featured_media":0,"parent":0,"menu_order":0,"comment_status":"closed","ping_status":"closed","template":"","meta":{"footnotes":""},"class_list":["post-1378","page","type-page","status-publish","hentry"],"_links":{"self":[{"href":"https:\/\/marina-lifts.com\/index.php\/wp-json\/wp\/v2\/pages\/1378","targetHints":{"allow":["GET"]}}],"collection":[{"href":"https:\/\/marina-lifts.com\/index.php\/wp-json\/wp\/v2\/pages"}],"about":[{"href":"https:\/\/marina-lifts.com\/index.php\/wp-json\/wp\/v2\/types\/page"}],"author":[{"embeddable":true,"href":"https:\/\/marina-lifts.com\/index.php\/wp-json\/wp\/v2\/users\/1"}],"replies":[{"embeddable":true,"href":"https:\/\/marina-lifts.com\/index.php\/wp-json\/wp\/v2\/comments?post=1378"}],"version-history":[{"count":59,"href":"https:\/\/marina-lifts.com\/index.php\/wp-json\/wp\/v2\/pages\/1378\/revisions"}],"predecessor-version":[{"id":2519,"href":"https:\/\/marina-lifts.com\/index.php\/wp-json\/wp\/v2\/pages\/1378\/revisions\/2519"}],"wp:attachment":[{"href":"https:\/\/marina-lifts.com\/index.php\/wp-json\/wp\/v2\/media?parent=1378"}],"curies":[{"name":"wp","href":"https:\/\/api.w.org\/{rel}","templated":true}]}}