{"id":1376,"date":"2018-08-21T04:41:22","date_gmt":"2018-08-21T04:41:22","guid":{"rendered":"http:\/\/apressthemes.com\/apress\/demo79\/?page_id=1376"},"modified":"2024-03-28T11:01:01","modified_gmt":"2024-03-28T10:01:01","slug":"iskustvo","status":"publish","type":"page","link":"https:\/\/marina-lifts.com\/index.php\/iskustvo\/","title":{"rendered":"Iskustvo"},"content":{"rendered":"<p>[vc_row css=&#8221;.vc_custom_1540900241000{padding-top: 100px !important;padding-bottom: 20px !important;}&#8221;][vc_column][apress_heading sub_title=&#8221;&#8230; radom u jednoj od najpoznatijih teretana u Rijeci, gdje me kao vanjskom suradnika i voditelja grupnih programa mo\u017eete prona\u0107i i danas. Glavni fokus trenutno mi je u radu sa rekreativcima te nastavak edukacija pri Kineziolo\u0161kom fakultetu u Splitu.&#8221; content_alignment=&#8221;left&#8221; enable_delimiter=&#8221;&#8221; color_scheme=&#8221;design_your_own&#8221; main_heading_color=&#8221;#363636&#8243; style=&#8221;heading_style1&#8243; title_font_options=&#8221;tag:h2|font_size:50|line_height:60|letter_spacing:1|font_style_bold:1&#8243; subtitle_font_options=&#8221;tag:div|color:%23757575&#8243; heading_margin=&#8221;margin-bottom:20&#8243; subheading_margin=&#8221;margin-bottom:70&#8243; title_responsive=&#8221;font_size_mobile:30|line_height_mobile:40|letter_spacing_mobile:1&#8243;]Nakon cjelo\u017eivotnog bavljenja sportom, svoju sam profesionalnu karijeru zapo\u010dela u o\u017eujku 2016.godine &#8230;[\/apress_heading][vc_single_image source=&#8221;external_link&#8221; alignment=&#8221;center&#8221; css_animation=&#8221;fadeInUp&#8221; custom_src=&#8221;https:\/\/i.ibb.co\/rsBk9L8\/IMG-8137.jpg&#8221;][vc_text_separator title=&#8221;Profesionalno iskustvo&#8221; i_icon_fontawesome=&#8221;fa fa-line-chart&#8221; i_color=&#8221;black&#8221; title_align=&#8221;separator_align_left&#8221; add_icon=&#8221;true&#8221;][apress_text_link_box readmore_text=&#8221;Pro\u010ditajte vi\u0161e&#8230;.&#8221; title_font_options=&#8221;tag:h2&#8243;]<\/p>\n<h5>Velja\u010da 2021. &#8211; trenutno\u00a0 \u00a0 |\u00a0 <strong>Voditelj grupnih treninga funkcionalnog tipa<\/strong> @ Legacy Gym Rijeka<br \/>\nVelja\u010da 2021. &#8211; trenutno\u00a0 | <strong>Voditelj individualnih treninga<\/strong> @Legacy Gym Rijeka<br \/>\nTravanj 2017. &#8211; trenutno | <strong>Izrada planova prehrane i edukacija na temu prehrane i fitnessa<\/strong> @ Marina Lifts<br \/>\nRujan 2016. &#8211; Prosinac 2021.\u00a0 | <strong>Voditelj individualnih treninga<\/strong> @ Blue Gym Rijeka<br \/>\nSije\u010danj 2017. &#8211; Listopad 2019. | Trener u smjeni @ Blue Gym Rijeka<br \/>\nVelja\u010da 2016. &#8211;\u00a0 Prosinac 2020.\u00a0 | <strong>Voditelj grupnih treninga funkcionalnog tipa<\/strong> @ Blue Gym Rijeka<br \/>\nProsinac 2019. &#8211; trenutno | <strong>Vlasnik obrta za usluge, &#8220;Marina Lifts&#8221;<\/strong> (obrt za nutricionisti\u010dko savjetovanje, marketing, online trgovinu i poduke)<br \/>\nRujan 2016. &#8211; Rujan 2023. | Vanjski suradnik, Voditelj dru\u0161tvenih mre\u017ea ,Voditelj ambasadora @ The Hut Group, Myprotein Hrvatska<\/h5>\n<p>[\/apress_text_link_box][vc_text_separator title=&#8221;Diplome i Certifikati&#8221; i_icon_fontawesome=&#8221;fa fa-graduation-cap&#8221; i_color=&#8221;black&#8221; title_align=&#8221;separator_align_left&#8221; add_icon=&#8221;true&#8221;][apress_text_link_box readmore_text=&#8221;&#8221; title_font_options=&#8221;tag:h2&#8243;]<\/p>\n<h5>U tijeku &#8211;<strong> Stru\u010dni studio Kineziologije<\/strong> &#8211; Smjer Sportski trener BodyBuildinga | Kineziolo\u0161ki Fakultet u Splitu<br \/>\nU tijeku &#8211; <strong> NASM Edukacija za Specijalistu Korektivnog Treninga <\/strong> | NASM \/ HFS Akademija<\/h5>\n<h5>06\/2017. &#8211; Osposobljavanje za <strong>Nutriocionistu<\/strong> (SSS) | Ustanova za cjelo\u017eivotno u\u010denje Magistra, Pula<br \/>\n06\/2016. &#8211; Osposobljavanje za <strong>Instruktora fitnessa u teretani<\/strong> (SSS) | Ustanova za cjelo\u017eivotno u\u010denje Magistra, Pula<br \/>\n05\/2022. &#8211; Edukacija | <strong>Prenatal Fitness instruktor <\/strong>| doc.dr.sc. Iva \u0160klempe Koki\u0107<br \/>\n05\/2023. &#8211; Edukacija | <strong>Vje\u017ebanje u trudno\u0107i i postnatal periodu<\/strong><strong>\u00a0<\/strong>| Gdansk University of Physical Education and Sport, NEPPE Project: New Era od Pre-natal and Postnatal Exercise<br \/>\n03\/2024. &#8211; Edukacija | <strong>Funkcionalna dijagnostika<\/strong> | Ustanova Higeja, Zagreb<\/h5>\n<h5><em>Kongresi\/predavanja, aktivno sudioni\u0161tvo:<\/em><\/h5>\n<h5>11\/2016. &#8211; Predava\u010d | Inspire Me konferencija<\/h5>\n<h5>05\/2020 &#8220;Sinergija sna, stresa, prehrane i treninga&#8221; | Activity Centar Krk<br \/>\n03\/2022 &#8220;Prehrana Sporta\u0161a&#8221; | MRK Kozala, Rijeka<br \/>\n06\/2022 &#8220;Utjecaj vje\u017ebanja na mentalno zdravlje&#8221; | RYLA, Platak<br \/>\n04\/2023 &#8220;Va\u017enost prehrane u \u017eivotu sporta\u0161a &#8221; | Okrugli stol &#8220;Sport, rekreacija i ishrana&#8221;, Hrvatski Sabor<\/h5>\n<h5><em>Kongresi, pasivno sudioni\u0161tvo:<\/em><\/h5>\n<h5>03\/2017. Hrvatski Dan Debljine, Zagreb<br \/>\n06\/2017. Prehrana i klini\u010dka dijetoterapija, Rijeka<br \/>\n04\/2018. Kongres Debljine , Opatija<br \/>\n10\/2018. 6. Me\u0111unarodni Kongres Nutricionista, Zagreb<br \/>\n11\/2019. 7. Me\u0111unarodni Kongres Nutricionista, Zagreb<br \/>\n04\/2022. Kongres Debljine , Opatija<br \/>\n04\/2022. Regionalna konferencija za trenere, Doboj<\/h5>\n<p>&nbsp;[\/apress_text_link_box][vc_text_separator title=&#8221;Sportska Natjecanja (Fitness i Bodybuilding)&#8221; i_icon_fontawesome=&#8221;fa fa-users&#8221; i_color=&#8221;black&#8221; title_align=&#8221;separator_align_left&#8221; add_icon=&#8221;true&#8221;][apress_text_link_box readmore_text=&#8221;&#8221; title_font_options=&#8221;tag:h2&#8243;]<\/p>\n<h5>04\/2017. &#8211; XX. Hrvatsko Prvenstvo u BodyBuildingu i Fitnessu, Bikini Fitness &#8211; 4. mjesto<br \/>\n10\/2017. &#8211; Zagreb Open, Bikini Fitness &#8211; 8. mjesto<br \/>\n2016. i ranije &#8211; amaterska natjecanja u funkcionalnom fitnessu na podru\u010dju PG\u017d<\/h5>\n<h5><strong>Kao trener:<\/strong><br \/>\n2019. &#8211; Fittest In Rijeka, 2 zlatne medalje u sportskoj kategoriji<br \/>\n2021. &#8211; Balkansko natjecanje u Body Buildingu, IFBB, Drobeta Turnu, Rumunjska, 4. mjesto u bikini kategoriji<br \/>\n2021. &#8211; Dr\u017eavno natjecanje u Body Buildingu, IFBB, Pula, Hrvatska, 7. mjesto u bikini kategoriji<\/h5>\n<p>[\/apress_text_link_box][\/vc_column][\/vc_row][vc_row full_width=&#8221;stretch_row&#8221; css=&#8221;.vc_custom_1584523916349{margin-top: 0px !important;padding-top: 0px !important;padding-bottom: 30px !important;background-color: #fe477b !important;}&#8221;][vc_column width=&#8221;1\/4&#8243;]<div class=\"stats-block stats-top  \"><div class=\"aio-icon-top\"><div class=\"ult-just-icon-wrapper  \"><div class=\"align-icon\" style=\"text-align:center;\">\n<div class=\"aio-icon none \" data-animation=\"pulse\" data-animation-delay=\"03\" style=\"color:#ffffff;font-size:0px;display:inline-block;\">\n\t<i class=\"new-ribbon\"><\/i>\n<\/div><\/div><\/div><\/div><div class=\"stats-desc\" id=\"counter-responsv-wrap-7801\"><div id=\"counter_10250945869e021ad572cd\" data-id=\"counter_10250945869e021ad572cd\"  data-ultimate-target='#counter-responsv-wrap-7801 .stats-number'  data-responsive-json-new='{\"font-size\":\"desktop:30px;\",\"line-height\":\"desktop:40px;\"}'  class=\"stats-number ult-responsive\" style=\" color:#ffffff; color:#ffffff;\" data-speed=\"5\" data-counter-value=\"150+\" data-separator=\",\" data-decimal=\".\">0<\/div><div id=\"counter-responsv-wrap-7801\"  data-ultimate-target='#counter-responsv-wrap-7801 .stats-text'  data-responsive-json-new='{\"font-size\":\"desktop:19px;\",\"line-height\":\"desktop:23px;\"}'  class=\"stats-text ult-responsive\" style=\"font-size:px; color:#ffffff; \">ONLINE KLIJENATA<\/div><\/div><\/div>[\/vc_column][vc_column width=&#8221;1\/4&#8243;]<div class=\"stats-block stats-top  \"><div class=\"aio-icon-top\"><div class=\"ult-just-icon-wrapper  \"><div class=\"align-icon\" style=\"text-align:center;\">\n<div class=\"aio-icon none \" data-animation=\"pulse\" data-animation-delay=\"03\" style=\"color:#ffffff;font-size:0px;display:inline-block;\">\n\t<i class=\"apress-download\"><\/i>\n<\/div><\/div><\/div><\/div><div class=\"stats-desc\" id=\"counter-responsv-wrap-3187\"><div id=\"counter_99673238069e021ad57347\" data-id=\"counter_99673238069e021ad57347\"  data-ultimate-target='#counter-responsv-wrap-3187 .stats-number'  data-responsive-json-new='{\"font-size\":\"desktop:30px;\",\"line-height\":\"desktop:40px;\"}'  class=\"stats-number ult-responsive\" style=\" color:#ffffff; color:#ffffff;\" data-speed=\"5\" data-counter-value=\"150\" data-separator=\",\" data-decimal=\".\">0<\/div><div id=\"counter-responsv-wrap-3187\"  data-ultimate-target='#counter-responsv-wrap-3187 .stats-text'  data-responsive-json-new='{\"font-size\":\"desktop:19px;\",\"line-height\":\"desktop:23px;\"}'  class=\"stats-text ult-responsive\" style=\"font-size:px; color:#ffffff; \">1NA1 SURADNJI<\/div><\/div><\/div>[\/vc_column][vc_column width=&#8221;1\/4&#8243;]<div class=\"stats-block stats-top  \"><div class=\"aio-icon-top\"><div class=\"ult-just-icon-wrapper  \"><div class=\"align-icon\" style=\"text-align:center;\">\n<div class=\"aio-icon none \" data-animation=\"pulse\" data-animation-delay=\"03\" style=\"color:#ffffff;font-size:0px;display:inline-block;\">\n\t<i class=\"new-target\"><\/i>\n<\/div><\/div><\/div><\/div><div class=\"stats-desc\" id=\"counter-responsv-wrap-9723\"><div id=\"counter_161904888669e021ad573a7\" data-id=\"counter_161904888669e021ad573a7\"  data-ultimate-target='#counter-responsv-wrap-9723 .stats-number'  data-responsive-json-new='{\"font-size\":\"desktop:30px;\",\"line-height\":\"desktop:40px;\"}'  class=\"stats-number ult-responsive\" style=\" color:#ffffff; color:#ffffff;\" data-speed=\"5\" data-counter-value=\"100000\" data-separator=\",\" data-decimal=\".\">0<\/div><div id=\"counter-responsv-wrap-9723\"  data-ultimate-target='#counter-responsv-wrap-9723 .stats-text'  data-responsive-json-new='{\"font-size\":\"desktop:19px;\",\"line-height\":\"desktop:23px;\"}'  class=\"stats-text ult-responsive\" style=\"font-size:px; color:#ffffff; \">PREGLEDA NA YOUTUBE-u<\/div><\/div><\/div>[\/vc_column][vc_column width=&#8221;1\/4&#8243;]<div class=\"stats-block stats-top  \"><div class=\"aio-icon-top\"><div class=\"ult-just-icon-wrapper  \"><div class=\"align-icon\" style=\"text-align:center;\">\n<div class=\"aio-icon none \" data-animation=\"pulse\" data-animation-delay=\"03\" style=\"color:#ffffff;font-size:0px;display:inline-block;\">\n\t<i class=\"new-adjustments\"><\/i>\n<\/div><\/div><\/div><\/div><div class=\"stats-desc\" id=\"counter-responsv-wrap-9546\"><div id=\"counter_171907789569e021ad573fd\" data-id=\"counter_171907789569e021ad573fd\"  data-ultimate-target='#counter-responsv-wrap-9546 .stats-number'  data-responsive-json-new='{\"font-size\":\"desktop:30px;\",\"line-height\":\"desktop:40px;\"}'  class=\"stats-number ult-responsive\" style=\" color:#fcfcfc; color:#ffffff;\" data-speed=\"5\" data-counter-value=\"10000+\" data-separator=\",\" data-decimal=\".\">0<\/div><div id=\"counter-responsv-wrap-9546\"  data-ultimate-target='#counter-responsv-wrap-9546 .stats-text'  data-responsive-json-new='{\"font-size\":\"desktop:19px;\",\"line-height\":\"desktop:23px;\"}'  class=\"stats-text ult-responsive\" style=\"font-size:px; color:#fcfcfc; \">PRATITELJA<\/div><\/div><\/div>[\/vc_column][\/vc_row][vc_row full_width=&#8221;stretch_row&#8221; gap=&#8221;30&#8243; equal_height=&#8221;yes&#8221; content_placement=&#8221;middle&#8221; css=&#8221;.vc_custom_1540899314683{padding-top: 100px !important;padding-bottom: 100px !important;background-color: #f7f7f7 !important;}&#8221;][vc_column width=&#8221;1\/2&#8243;][apress_heading sub_title=&#8221;Za koji se god plan rada odlu\u010dite, pravila su ista.&#8221; content_alignment=&#8221;left&#8221; enable_delimiter=&#8221;&#8221; color_scheme=&#8221;design_your_own&#8221; main_heading_color=&#8221;#363636&#8243; style=&#8221;heading_style1&#8243; title_font_options=&#8221;tag:h2|font_size:50|line_height:60|letter_spacing:1|font_style_bold:1&#8243; subtitle_font_options=&#8221;tag:div|color:%23757575&#8243; heading_margin=&#8221;margin-bottom:20&#8243; subheading_margin=&#8221;margin-bottom:30&#8243; title_responsive=&#8221;font_size_mobile:30|line_height_mobile:40|letter_spacing_mobile:1&#8243;]\u0160to mo\u017eete o\u010dekivati:[\/apress_heading][apress_list list_title=&#8221;Kvalitetan trud dovodi do kvalitetnih rezultata.&#8221; list_border=&#8221;yes&#8221; list_border_color=&#8221;#eaeaea&#8221; icon_family=&#8221;fontawesome&#8221; icon_fontawesome=&#8221;fa fa-check&#8221; color_scheme=&#8221;design_your_own&#8221; list_icon_color=&#8221;#fe477b&#8221; title_font_options=&#8221;tag:h4|font_size:16|line_height:24|letter_spacing:1&#8243;][apress_list list_title=&#8221;Cilj mog poslovanja je da vam predo\u010dim fitness kao sastavni dio \u017eivota.&#8221; list_border=&#8221;yes&#8221; list_border_color=&#8221;#eaeaea&#8221; icon_family=&#8221;fontawesome&#8221; icon_fontawesome=&#8221;fa fa-check&#8221; color_scheme=&#8221;design_your_own&#8221; list_icon_color=&#8221;#fe477b&#8221; title_font_options=&#8221;tag:h4|font_size:16|line_height:24|letter_spacing:1&#8243;][apress_list list_title=&#8221;Ali to nije sve! Osje\u0107ati \u0107ete se bolje i sve zada\u0107e odra\u0111ivati sa ve\u0107om lako\u0107om. :)&#8221; list_border=&#8221;yes&#8221; list_border_color=&#8221;#eaeaea&#8221; icon_family=&#8221;fontawesome&#8221; icon_fontawesome=&#8221;fa fa-check&#8221; color_scheme=&#8221;design_your_own&#8221; list_icon_color=&#8221;#fe477b&#8221; title_font_options=&#8221;tag:h4|font_size:16|line_height:24|letter_spacing:1&#8243;][\/vc_column][vc_column width=&#8221;1\/2&#8243;][apress_expanding_image image=&#8221;2337&#8243; img_size=&#8221;medium&#8221; max_width=&#8221;100%&#8221; expanding_image_shadow=&#8221;box_shadow_enable:enable|shadow_horizontal:5|shadow_vertical:15|shadow_blur:25|shadow_spread:0|box_shadow_color:rgba(0%2C0%2C0%2C0.2)&#8221; border_radius=&#8221;10&#8243;][\/vc_column][\/vc_row][vc_row full_width=&#8221;stretch_row&#8221; apress_enable_row_overlay=&#8221;yes&#8221; apress_row_overlay_color=&#8221;rgba(0,0,0,0.81)&#8221; css=&#8221;.vc_custom_1598907556091{padding-top: 100px !important;padding-bottom: 100px !important;background: #003ba3 url(http:\/\/marina-lifts.com\/wp-content\/uploads\/2020\/03\/black-and-ww.jpg?id=2158) !important;background-position: center !important;background-repeat: no-repeat !important;background-size: cover !important;}&#8221;][vc_column css=&#8221;.vc_custom_1501867341160{padding-left: 5% !important;}&#8221;][apress_testimonial_slider desktop_no_of_items=&#8221;1&#8243; tablet_no_of_items=&#8221;1&#8243; mobile_no_of_items=&#8221;1&#8243; num=&#8221;2&#8243; testimonialnamefontcolor=&#8221;#ffffff&#8221; testimonialfontsize=&#8221;20&#8243; testimoniallineheight=&#8221;30&#8243; testimonialfontcolor=&#8221;#ffffff&#8221; testimonialsliderpagi=&#8221;pagi_none&#8221; testimonialslidernav=&#8221;nav_style3&#8243; testimonialimgborcolor=&#8221;#ffffff&#8221;][\/vc_column][\/vc_row]<\/p>\n","protected":false},"excerpt":{"rendered":"<p>[vc_row css=&#8221;.vc_custom_1540900241000{padding-top: 100px !important;padding-bottom: 20px !important;}&#8221;][vc_column][apress_heading sub_title=&#8221;&#8230; radom u jednoj od najpoznatijih teretana u Rijeci, gdje me kao vanjskom suradnika i voditelja grupnih programa mo\u017eete prona\u0107i i danas. Glavni fokus trenutno mi je u radu sa rekreativcima te nastavak edukacija&hellip;<\/p>\n","protected":false},"author":1,"featured_media":0,"parent":0,"menu_order":0,"comment_status":"closed","ping_status":"closed","template":"","meta":{"footnotes":""},"class_list":["post-1376","page","type-page","status-publish","hentry"],"_links":{"self":[{"href":"https:\/\/marina-lifts.com\/index.php\/wp-json\/wp\/v2\/pages\/1376","targetHints":{"allow":["GET"]}}],"collection":[{"href":"https:\/\/marina-lifts.com\/index.php\/wp-json\/wp\/v2\/pages"}],"about":[{"href":"https:\/\/marina-lifts.com\/index.php\/wp-json\/wp\/v2\/types\/page"}],"author":[{"embeddable":true,"href":"https:\/\/marina-lifts.com\/index.php\/wp-json\/wp\/v2\/users\/1"}],"replies":[{"embeddable":true,"href":"https:\/\/marina-lifts.com\/index.php\/wp-json\/wp\/v2\/comments?post=1376"}],"version-history":[{"count":59,"href":"https:\/\/marina-lifts.com\/index.php\/wp-json\/wp\/v2\/pages\/1376\/revisions"}],"predecessor-version":[{"id":2819,"href":"https:\/\/marina-lifts.com\/index.php\/wp-json\/wp\/v2\/pages\/1376\/revisions\/2819"}],"wp:attachment":[{"href":"https:\/\/marina-lifts.com\/index.php\/wp-json\/wp\/v2\/media?parent=1376"}],"curies":[{"name":"wp","href":"https:\/\/api.w.org\/{rel}","templated":true}]}}